{"id":2249,"date":"2021-04-28T16:36:10","date_gmt":"2021-04-28T14:36:10","guid":{"rendered":"http:\/\/atipikx.cluster030.hosting.ovh.net\/?page_id=2249"},"modified":"2023-11-20T11:14:42","modified_gmt":"2023-11-20T10:14:42","slug":"camera-doppia","status":"publish","type":"page","link":"https:\/\/www.atipikhotel.fr\/index.php\/it\/camere\/camera-doppia\/","title":{"rendered":"Camera Doppia Standard"},"content":{"rendered":"<p>[et_pb_section fb_built=\u00a0\u00bb1&Prime; fullwidth=\u00a0\u00bbon\u00a0\u00bb _builder_version=\u00a0\u00bb4.16&Prime; _module_preset=\u00a0\u00bbdefault\u00a0\u00bb global_colors_info=\u00a0\u00bb{}\u00a0\u00bb][et_pb_fullwidth_slider _builder_version=\u00a0\u00bb4.16&Prime; _module_preset=\u00a0\u00bbdefault\u00a0\u00bb global_colors_info=\u00a0\u00bb{}\u00a0\u00bb][et_pb_slide _builder_version=\u00a0\u00bb4.16&Prime; _module_preset=\u00a0\u00bbdefault\u00a0\u00bb background_enable_color=\u00a0\u00bboff\u00a0\u00bb background_image=\u00a0\u00bbhttps:\/\/www.atipikhotel.fr\/wp-content\/uploads\/2021\/04\/atipik-hotel-decoration-1.jpeg\u00a0\u00bb background_enable_image=\u00a0\u00bbon\u00a0\u00bb global_colors_info=\u00a0\u00bb{}\u00a0\u00bb sticky_transition=\u00a0\u00bbon\u00a0\u00bb][\/et_pb_slide][\/et_pb_fullwidth_slider][\/et_pb_section][et_pb_section fb_built=\u00a0\u00bb1&Prime; _builder_version=\u00a0\u00bb4.16&Prime; _module_preset=\u00a0\u00bbdefault\u00a0\u00bb global_colors_info=\u00a0\u00bb{}\u00a0\u00bb][et_pb_row column_structure=\u00a0\u00bb3_5,2_5&Prime; make_equal=\u00a0\u00bbon\u00a0\u00bb module_class=\u00a0\u00bbath-room-descr\u00a0\u00bb _builder_version=\u00a0\u00bb4.16&Prime; _module_preset=\u00a0\u00bbdefault\u00a0\u00bb max_width=\u00a0\u00bb1520px\u00a0\u00bb global_colors_info=\u00a0\u00bb{}\u00a0\u00bb][et_pb_column type=\u00a0\u00bb3_5&Prime; _builder_version=\u00a0\u00bb4.16&Prime; _module_preset=\u00a0\u00bbdefault\u00a0\u00bb global_colors_info=\u00a0\u00bb{}\u00a0\u00bb][et_pb_text admin_label=\u00a0\u00bbCAMERA DOPPIA\u00a0\u00bb _builder_version=\u00a0\u00bb4.16&Prime; _module_preset=\u00a0\u00bbdefault\u00a0\u00bb global_colors_info=\u00a0\u00bb{}\u00a0\u00bb]<\/p>\n<h1>CAMERA DOPPIA<\/h1>\n<table style=\"border-collapse: collapse; width: 100%; height: 23px;\" border=\"1\">\n<tbody>\n<tr style=\"height: 23px;\">\n<td style=\"width: 33.3333%; height: 23px; text-align: center;\"><img decoding=\"async\" class=\"wp-image-2115 alignnone size-full\" src=\"https:\/\/www.atipikhotel.fr\/wp-content\/uploads\/2021\/04\/man-user.png\" alt=\"Une personne\" width=\"30\" \/><img decoding=\"async\" class=\"wp-image-2115 alignnone size-full\" src=\"https:\/\/www.atipikhotel.fr\/wp-content\/uploads\/2021\/04\/man-user.png\" alt=\"Une personne\" width=\"30\" \/><br \/>Accoglie 2 persone<\/td>\n<td style=\"width: 33.3333%; height: 23px;\">\n<p style=\"text-align: center;\"><img decoding=\"async\" class=\"wp-image-2118 alignnone size-full\" style=\"font-family: inherit; font-size: inherit;\" src=\"https:\/\/www.atipikhotel.fr\/wp-content\/uploads\/2021\/04\/buildings.png\" alt=\"Vue ville\" width=\"30\" \/><br \/>Vista citt\u00e0<br \/>12 m2<\/p>\n<\/td>\n<td style=\"width: 33.3333%; height: 23px; text-align: center;\"><img decoding=\"async\" class=\"wp-image-2120 alignnone size-full\" src=\"https:\/\/www.atipikhotel.fr\/wp-content\/uploads\/2021\/04\/double-bed.png\" alt=\"Lit double\" width=\"30\" \/><br \/>1 x Letto doppio<\/td>\n<\/tr>\n<\/tbody>\n<\/table>\n<p style=\"text-align: center;\"><strong>Tra 65 e 125 \u20ac\u200b<\/strong><\/p>\n<p style=\"text-align: center;\">Camera accogliente e funzionale con decorazioni personalizzate per 1 o 2 persone di 12 m\u00b2. Un nido accogliente dedicato al relax dopo una giornata alla scoperta del lago o dei canali vicini all\u2019hotel. Letto di 140 cm, marchio di alta qualit\u00e0 Epeda. Bagno privato con doccia, TV e Wi-Fi gratuito.<\/p>\n<p>Accessori camera :<\/p>\n<ul>\n<li>TV<\/li>\n<li>Wi-fi<\/li>\n<li>Appendiabiti<\/li>\n<li>Aria condizionata<\/li>\n<li><a class=\"popmake-2259 ath-equipements-single\" href=\"#\">Vedi altro<\/a><\/li>\n<\/ul>\n<p>&nbsp;<\/p>\n<p>[\/et_pb_text][\/et_pb_column][et_pb_column type=\u00a0\u00bb2_5&Prime; _builder_version=\u00a0\u00bb4.16&Prime; _module_preset=\u00a0\u00bbdefault\u00a0\u00bb global_colors_info=\u00a0\u00bb{}\u00a0\u00bb][et_pb_gallery gallery_ids=\u00a0\u00bb1354,1410,1406,1402,1362,1374&Prime; show_title_and_caption=\u00a0\u00bboff\u00a0\u00bb _builder_version=\u00a0\u00bb4.16&Prime; _module_preset=\u00a0\u00bbdefault\u00a0\u00bb global_colors_info=\u00a0\u00bb{}\u00a0\u00bb][\/et_pb_gallery][\/et_pb_column][\/et_pb_row][et_pb_row _builder_version=\u00a0\u00bb4.9.4&Prime; _module_preset=\u00a0\u00bbdefault\u00a0\u00bb global_module=\u00a0\u00bb2568&Prime; saved_tabs=\u00a0\u00bball\u00a0\u00bb global_colors_info=\u00a0\u00bb{}\u00a0\u00bb][et_pb_column type=\u00a0\u00bb4_4&Prime; _builder_version=\u00a0\u00bb4.16&Prime; _module_preset=\u00a0\u00bbdefault\u00a0\u00bb global_colors_info=\u00a0\u00bb{}\u00a0\u00bb][et_pb_text admin_label=\u00a0\u00bbButton booking room IT\u00a0\u00bb module_class=\u00a0\u00bbath-btn-booking-room\u00a0\u00bb _builder_version=\u00a0\u00bb4.16&Prime; _module_preset=\u00a0\u00bbdefault\u00a0\u00bb global_colors_info=\u00a0\u00bb{}\u00a0\u00bb]<\/p>\n<p style=\"text-align: center;\"><a href=\"https:\/\/www.secure-direct-hotel-booking.com\/module_booking_engine\/index.php?id_etab=3c64c649f31b4178f8a8b65035f11adc&amp;langue=anglais\" target=\"_blank\" rel=\"noopener\">PRENOTA<br \/>Miglior prezzo garantito<\/a><\/p>\n<p>[\/et_pb_text][\/et_pb_column][\/et_pb_row][\/et_pb_section]<\/p>\n","protected":false},"excerpt":{"rendered":"<p>CAMERA DOPPIA Accoglie 2 persone Vista citt\u00e012 m2 1 x Letto doppio Tra 65 e 125 \u20ac\u200b Camera accogliente e funzionale con decorazioni personalizzate per 1 o 2 persone di 12 m\u00b2. Un nido accogliente dedicato al relax dopo una giornata alla scoperta del lago o dei canali vicini all\u2019hotel. Letto di 140 cm, marchio [&hellip;]<\/p>\n","protected":false},"author":1,"featured_media":0,"parent":324,"menu_order":0,"comment_status":"closed","ping_status":"closed","template":"","meta":{"_et_pb_use_builder":"on","_et_pb_old_content":"","_et_gb_content_width":"","footnotes":""},"class_list":["post-2249","page","type-page","status-publish","hentry"],"yoast_head":"<!-- This site is optimized with the Yoast SEO plugin v27.4 - https:\/\/yoast.com\/product\/yoast-seo-wordpress\/ -->\n<title>Camera Doppia Standard - Atipik H\u00f4tel<\/title>\n<meta name=\"robots\" content=\"index, follow, max-snippet:-1, max-image-preview:large, max-video-preview:-1\" \/>\n<link rel=\"canonical\" href=\"https:\/\/www.atipikhotel.fr\/index.php\/it\/camere\/camera-doppia\/\" \/>\n<meta property=\"og:locale\" content=\"fr_FR\" \/>\n<meta property=\"og:type\" content=\"article\" \/>\n<meta property=\"og:title\" content=\"Camera Doppia Standard - Atipik H\u00f4tel\" \/>\n<meta property=\"og:description\" content=\"CAMERA DOPPIA Accoglie 2 persone Vista citt\u00e012 m2 1 x Letto doppio Tra 65 e 125 \u20ac\u200b Camera accogliente e funzionale con decorazioni personalizzate per 1 o 2 persone di 12 m\u00b2. Un nido accogliente dedicato al relax dopo una giornata alla scoperta del lago o dei canali vicini all\u2019hotel. Letto di 140 cm, marchio [&hellip;]\" \/>\n<meta property=\"og:url\" content=\"https:\/\/www.atipikhotel.fr\/index.php\/it\/camere\/camera-doppia\/\" \/>\n<meta property=\"og:site_name\" content=\"Atipik H\u00f4tel\" \/>\n<meta property=\"article:modified_time\" content=\"2023-11-20T10:14:42+00:00\" \/>\n<meta property=\"og:image\" content=\"https:\/\/www.atipikhotel.fr\/wp-content\/uploads\/2021\/04\/man-user.png\" \/>\n<meta name=\"twitter:card\" content=\"summary_large_image\" \/>\n<meta name=\"twitter:label1\" content=\"Dur\u00e9e de lecture estim\u00e9e\" \/>\n\t<meta name=\"twitter:data1\" content=\"2 minutes\" \/>\n<script type=\"application\/ld+json\" class=\"yoast-schema-graph\">{\"@context\":\"https:\\\/\\\/schema.org\",\"@graph\":[{\"@type\":\"WebPage\",\"@id\":\"https:\\\/\\\/www.atipikhotel.fr\\\/index.php\\\/it\\\/camere\\\/camera-doppia\\\/\",\"url\":\"https:\\\/\\\/www.atipikhotel.fr\\\/index.php\\\/it\\\/camere\\\/camera-doppia\\\/\",\"name\":\"Camera Doppia Standard - Atipik H\u00f4tel\",\"isPartOf\":{\"@id\":\"https:\\\/\\\/www.atipikhotel.fr\\\/#website\"},\"primaryImageOfPage\":{\"@id\":\"https:\\\/\\\/www.atipikhotel.fr\\\/index.php\\\/it\\\/camere\\\/camera-doppia\\\/#primaryimage\"},\"image\":{\"@id\":\"https:\\\/\\\/www.atipikhotel.fr\\\/index.php\\\/it\\\/camere\\\/camera-doppia\\\/#primaryimage\"},\"thumbnailUrl\":\"https:\\\/\\\/www.atipikhotel.fr\\\/wp-content\\\/uploads\\\/2021\\\/04\\\/man-user.png\",\"datePublished\":\"2021-04-28T14:36:10+00:00\",\"dateModified\":\"2023-11-20T10:14:42+00:00\",\"breadcrumb\":{\"@id\":\"https:\\\/\\\/www.atipikhotel.fr\\\/index.php\\\/it\\\/camere\\\/camera-doppia\\\/#breadcrumb\"},\"inLanguage\":\"fr-FR\",\"potentialAction\":[{\"@type\":\"ReadAction\",\"target\":[\"https:\\\/\\\/www.atipikhotel.fr\\\/index.php\\\/it\\\/camere\\\/camera-doppia\\\/\"]}]},{\"@type\":\"ImageObject\",\"inLanguage\":\"fr-FR\",\"@id\":\"https:\\\/\\\/www.atipikhotel.fr\\\/index.php\\\/it\\\/camere\\\/camera-doppia\\\/#primaryimage\",\"url\":\"https:\\\/\\\/www.atipikhotel.fr\\\/wp-content\\\/uploads\\\/2021\\\/04\\\/man-user.png\",\"contentUrl\":\"https:\\\/\\\/www.atipikhotel.fr\\\/wp-content\\\/uploads\\\/2021\\\/04\\\/man-user.png\",\"width\":64,\"height\":64,\"caption\":\"Une personne\"},{\"@type\":\"BreadcrumbList\",\"@id\":\"https:\\\/\\\/www.atipikhotel.fr\\\/index.php\\\/it\\\/camere\\\/camera-doppia\\\/#breadcrumb\",\"itemListElement\":[{\"@type\":\"ListItem\",\"position\":1,\"name\":\"Accueil\",\"item\":\"https:\\\/\\\/www.atipikhotel.fr\\\/\"},{\"@type\":\"ListItem\",\"position\":2,\"name\":\"Camere\",\"item\":\"https:\\\/\\\/www.atipikhotel.fr\\\/index.php\\\/it\\\/camere\\\/\"},{\"@type\":\"ListItem\",\"position\":3,\"name\":\"Camera Doppia Standard\"}]},{\"@type\":\"WebSite\",\"@id\":\"https:\\\/\\\/www.atipikhotel.fr\\\/#website\",\"url\":\"https:\\\/\\\/www.atipikhotel.fr\\\/\",\"name\":\"Atipik H\u00f4tel\",\"description\":\"Enfin, un h\u00f4tel diff\u00e9rent !\",\"potentialAction\":[{\"@type\":\"SearchAction\",\"target\":{\"@type\":\"EntryPoint\",\"urlTemplate\":\"https:\\\/\\\/www.atipikhotel.fr\\\/?s={search_term_string}\"},\"query-input\":{\"@type\":\"PropertyValueSpecification\",\"valueRequired\":true,\"valueName\":\"search_term_string\"}}],\"inLanguage\":\"fr-FR\"}]}<\/script>\n<!-- \/ Yoast SEO plugin. -->","yoast_head_json":{"title":"Camera Doppia Standard - Atipik H\u00f4tel","robots":{"index":"index","follow":"follow","max-snippet":"max-snippet:-1","max-image-preview":"max-image-preview:large","max-video-preview":"max-video-preview:-1"},"canonical":"https:\/\/www.atipikhotel.fr\/index.php\/it\/camere\/camera-doppia\/","og_locale":"fr_FR","og_type":"article","og_title":"Camera Doppia Standard - Atipik H\u00f4tel","og_description":"CAMERA DOPPIA Accoglie 2 persone Vista citt\u00e012 m2 1 x Letto doppio Tra 65 e 125 \u20ac\u200b Camera accogliente e funzionale con decorazioni personalizzate per 1 o 2 persone di 12 m\u00b2. Un nido accogliente dedicato al relax dopo una giornata alla scoperta del lago o dei canali vicini all\u2019hotel. Letto di 140 cm, marchio [&hellip;]","og_url":"https:\/\/www.atipikhotel.fr\/index.php\/it\/camere\/camera-doppia\/","og_site_name":"Atipik H\u00f4tel","article_modified_time":"2023-11-20T10:14:42+00:00","og_image":[{"url":"https:\/\/www.atipikhotel.fr\/wp-content\/uploads\/2021\/04\/man-user.png","type":"","width":"","height":""}],"twitter_card":"summary_large_image","twitter_misc":{"Dur\u00e9e de lecture estim\u00e9e":"2 minutes"},"schema":{"@context":"https:\/\/schema.org","@graph":[{"@type":"WebPage","@id":"https:\/\/www.atipikhotel.fr\/index.php\/it\/camere\/camera-doppia\/","url":"https:\/\/www.atipikhotel.fr\/index.php\/it\/camere\/camera-doppia\/","name":"Camera Doppia Standard - Atipik H\u00f4tel","isPartOf":{"@id":"https:\/\/www.atipikhotel.fr\/#website"},"primaryImageOfPage":{"@id":"https:\/\/www.atipikhotel.fr\/index.php\/it\/camere\/camera-doppia\/#primaryimage"},"image":{"@id":"https:\/\/www.atipikhotel.fr\/index.php\/it\/camere\/camera-doppia\/#primaryimage"},"thumbnailUrl":"https:\/\/www.atipikhotel.fr\/wp-content\/uploads\/2021\/04\/man-user.png","datePublished":"2021-04-28T14:36:10+00:00","dateModified":"2023-11-20T10:14:42+00:00","breadcrumb":{"@id":"https:\/\/www.atipikhotel.fr\/index.php\/it\/camere\/camera-doppia\/#breadcrumb"},"inLanguage":"fr-FR","potentialAction":[{"@type":"ReadAction","target":["https:\/\/www.atipikhotel.fr\/index.php\/it\/camere\/camera-doppia\/"]}]},{"@type":"ImageObject","inLanguage":"fr-FR","@id":"https:\/\/www.atipikhotel.fr\/index.php\/it\/camere\/camera-doppia\/#primaryimage","url":"https:\/\/www.atipikhotel.fr\/wp-content\/uploads\/2021\/04\/man-user.png","contentUrl":"https:\/\/www.atipikhotel.fr\/wp-content\/uploads\/2021\/04\/man-user.png","width":64,"height":64,"caption":"Une personne"},{"@type":"BreadcrumbList","@id":"https:\/\/www.atipikhotel.fr\/index.php\/it\/camere\/camera-doppia\/#breadcrumb","itemListElement":[{"@type":"ListItem","position":1,"name":"Accueil","item":"https:\/\/www.atipikhotel.fr\/"},{"@type":"ListItem","position":2,"name":"Camere","item":"https:\/\/www.atipikhotel.fr\/index.php\/it\/camere\/"},{"@type":"ListItem","position":3,"name":"Camera Doppia Standard"}]},{"@type":"WebSite","@id":"https:\/\/www.atipikhotel.fr\/#website","url":"https:\/\/www.atipikhotel.fr\/","name":"Atipik H\u00f4tel","description":"Enfin, un h\u00f4tel diff\u00e9rent !","potentialAction":[{"@type":"SearchAction","target":{"@type":"EntryPoint","urlTemplate":"https:\/\/www.atipikhotel.fr\/?s={search_term_string}"},"query-input":{"@type":"PropertyValueSpecification","valueRequired":true,"valueName":"search_term_string"}}],"inLanguage":"fr-FR"}]}},"_links":{"self":[{"href":"https:\/\/www.atipikhotel.fr\/index.php\/wp-json\/wp\/v2\/pages\/2249","targetHints":{"allow":["GET"]}}],"collection":[{"href":"https:\/\/www.atipikhotel.fr\/index.php\/wp-json\/wp\/v2\/pages"}],"about":[{"href":"https:\/\/www.atipikhotel.fr\/index.php\/wp-json\/wp\/v2\/types\/page"}],"author":[{"embeddable":true,"href":"https:\/\/www.atipikhotel.fr\/index.php\/wp-json\/wp\/v2\/users\/1"}],"replies":[{"embeddable":true,"href":"https:\/\/www.atipikhotel.fr\/index.php\/wp-json\/wp\/v2\/comments?post=2249"}],"version-history":[{"count":5,"href":"https:\/\/www.atipikhotel.fr\/index.php\/wp-json\/wp\/v2\/pages\/2249\/revisions"}],"predecessor-version":[{"id":3367,"href":"https:\/\/www.atipikhotel.fr\/index.php\/wp-json\/wp\/v2\/pages\/2249\/revisions\/3367"}],"up":[{"embeddable":true,"href":"https:\/\/www.atipikhotel.fr\/index.php\/wp-json\/wp\/v2\/pages\/324"}],"wp:attachment":[{"href":"https:\/\/www.atipikhotel.fr\/index.php\/wp-json\/wp\/v2\/media?parent=2249"}],"curies":[{"name":"wp","href":"https:\/\/api.w.org\/{rel}","templated":true}]}}