{"id":2361,"date":"2021-04-28T18:17:54","date_gmt":"2021-04-28T16:17:54","guid":{"rendered":"http:\/\/atipikx.cluster030.hosting.ovh.net\/?page_id=2361"},"modified":"2023-12-12T12:28:13","modified_gmt":"2023-12-12T11:28:13","slug":"habitacion-doble-vista-canal","status":"publish","type":"page","link":"https:\/\/www.atipikhotel.fr\/index.php\/es\/habitaciones\/habitacion-doble-vista-canal\/","title":{"rendered":"HABITACI\u00d3N DOBLE VISTA CANAL"},"content":{"rendered":"<p>[et_pb_section fb_built=\u00a0\u00bb1&Prime; fullwidth=\u00a0\u00bbon\u00a0\u00bb _builder_version=\u00a0\u00bb4.16&Prime; _module_preset=\u00a0\u00bbdefault\u00a0\u00bb global_colors_info=\u00a0\u00bb{}\u00a0\u00bb][et_pb_fullwidth_slider _builder_version=\u00a0\u00bb4.16&Prime; _module_preset=\u00a0\u00bbdefault\u00a0\u00bb global_colors_info=\u00a0\u00bb{}\u00a0\u00bb][et_pb_slide _builder_version=\u00a0\u00bb4.16&Prime; _module_preset=\u00a0\u00bbdefault\u00a0\u00bb background_enable_color=\u00a0\u00bboff\u00a0\u00bb background_image=\u00a0\u00bbhttps:\/\/www.atipikhotel.fr\/wp-content\/uploads\/2021\/04\/mqazy7eclhwefaq2snpo.jpeg\u00a0\u00bb background_enable_image=\u00a0\u00bbon\u00a0\u00bb global_colors_info=\u00a0\u00bb{}\u00a0\u00bb sticky_transition=\u00a0\u00bbon\u00a0\u00bb][\/et_pb_slide][\/et_pb_fullwidth_slider][\/et_pb_section][et_pb_section fb_built=\u00a0\u00bb1&Prime; _builder_version=\u00a0\u00bb4.16&Prime; _module_preset=\u00a0\u00bbdefault\u00a0\u00bb global_colors_info=\u00a0\u00bb{}\u00a0\u00bb][et_pb_row column_structure=\u00a0\u00bb3_5,2_5&Prime; make_equal=\u00a0\u00bbon\u00a0\u00bb module_class=\u00a0\u00bbath-room-descr\u00a0\u00bb _builder_version=\u00a0\u00bb4.16&Prime; _module_preset=\u00a0\u00bbdefault\u00a0\u00bb max_width=\u00a0\u00bb1520px\u00a0\u00bb global_colors_info=\u00a0\u00bb{}\u00a0\u00bb][et_pb_column type=\u00a0\u00bb3_5&Prime; _builder_version=\u00a0\u00bb4.16&Prime; _module_preset=\u00a0\u00bbdefault\u00a0\u00bb global_colors_info=\u00a0\u00bb{}\u00a0\u00bb][et_pb_text admin_label=\u00a0\u00bbHABITACI\u00d3N DOBLE VISTA CANAL\u00a0\u00bb _builder_version=\u00a0\u00bb4.16&Prime; _module_preset=\u00a0\u00bbdefault\u00a0\u00bb global_colors_info=\u00a0\u00bb{}\u00a0\u00bb]<\/p>\n<h1>HABITACI\u00d3N DOBLE VISTA CANAL<\/h1>\n<table style=\"border-collapse: collapse; width: 100%; height: 23px;\" border=\"1\">\n<tbody>\n<tr style=\"height: 23px;\">\n<td style=\"width: 33.3333%; height: 23px; text-align: center;\"><img decoding=\"async\" class=\"wp-image-2115 alignnone size-full\" src=\"https:\/\/www.atipikhotel.fr\/wp-content\/uploads\/2021\/04\/man-user.png\" alt=\"Une personne\" width=\"30\" \/><img decoding=\"async\" class=\"wp-image-2115 alignnone size-full\" src=\"https:\/\/www.atipikhotel.fr\/wp-content\/uploads\/2021\/04\/man-user.png\" alt=\"Une personne\" width=\"30\" \/><br \/>2 personas<\/td>\n<td style=\"width: 33.3333%; height: 23px;\">\n<p style=\"text-align: center;\"><img decoding=\"async\" class=\"wp-image-2339 alignnone size-full\" src=\"https:\/\/www.atipikhotel.fr\/wp-content\/uploads\/2021\/04\/wave.png\" alt=\"Vue rivi\u00e8re\" width=\"30\" \/><br \/>Vista al r\u00edo<br \/>12m2<\/p>\n<\/td>\n<td style=\"width: 33.3333%; height: 23px; text-align: center;\"><img decoding=\"async\" class=\"wp-image-2120 alignnone size-full\" src=\"https:\/\/www.atipikhotel.fr\/wp-content\/uploads\/2021\/04\/double-bed.png\" alt=\"Lit double\" width=\"30\" \/><br \/>1 x Cama Matrimonial<\/td>\n<\/tr>\n<\/tbody>\n<\/table>\n<p style=\"text-align: center;\"><b>Entre 75 y 140\u20ac<\/b><\/p>\n<p style=\"text-align: center;\">\u00a1Disfruta de vistas espectaculares sobre uno de los canales del centro hist\u00f3rico y del encanto del amanecer sobre el campanario de la catedral tras una noche de descanso! Incluso los paisajes de Annecy est\u00e1n presentes en estas 2 habitaciones acogedoras y funcionales, inmortalizados en la decoraci\u00f3n. Situadas en la parte de atr\u00e1s del hotel, gozan de gran luminosidad. Cama de 140 cm, de alta calidad marca Ep\u00e9da. Habitaci\u00f3n de 12 m2 aprox., para 1 o 2 personas.<\/p>\n<p>Servicios de la Habitaci\u00f3n :<\/p>\n<ul>\n<li>TV<\/li>\n<li>Wi-fi<\/li>\n<li>Ropero<\/li>\n<li>Aire acondicionado<\/li>\n<li><a class=\"popmake-2369 ath-equipements-single\" href=\"#\">Ver m\u00e1s<\/a><\/li>\n<\/ul>\n<p>&nbsp;<\/p>\n<p>[\/et_pb_text][\/et_pb_column][et_pb_column type=\u00a0\u00bb2_5&Prime; _builder_version=\u00a0\u00bb4.16&Prime; _module_preset=\u00a0\u00bbdefault\u00a0\u00bb global_colors_info=\u00a0\u00bb{}\u00a0\u00bb][et_pb_gallery gallery_ids=\u00a0\u00bb241,242,243,244,3537&Prime; show_title_and_caption=\u00a0\u00bboff\u00a0\u00bb _builder_version=\u00a0\u00bb4.23.1&Prime; _module_preset=\u00a0\u00bbdefault\u00a0\u00bb hover_enabled=\u00a0\u00bb0&Prime; global_colors_info=\u00a0\u00bb{}\u00a0\u00bb sticky_enabled=\u00a0\u00bb0&Prime;][\/et_pb_gallery][\/et_pb_column][\/et_pb_row][et_pb_row _builder_version=\u00a0\u00bb4.9.4&Prime; _module_preset=\u00a0\u00bbdefault\u00a0\u00bb global_module=\u00a0\u00bb2555&Prime; global_colors_info=\u00a0\u00bb{}\u00a0\u00bb][et_pb_column type=\u00a0\u00bb4_4&Prime; _builder_version=\u00a0\u00bb4.16&Prime; _module_preset=\u00a0\u00bbdefault\u00a0\u00bb global_colors_info=\u00a0\u00bb{}\u00a0\u00bb][et_pb_text admin_label=\u00a0\u00bbButton Booking Room ES\u00a0\u00bb module_class=\u00a0\u00bbath-btn-booking-room\u00a0\u00bb _builder_version=\u00a0\u00bb4.16&Prime; _module_preset=\u00a0\u00bbdefault\u00a0\u00bb global_colors_info=\u00a0\u00bb{}\u00a0\u00bb]<\/p>\n<p style=\"text-align: center;\"><a href=\"https:\/\/www.secure-direct-hotel-booking.com\/module_booking_engine\/index.php?id_etab=3c64c649f31b4178f8a8b65035f11adc&amp;langue=espagnol\" target=\"_blank\" rel=\"noopener\">RESERVAR<br \/>El mejor precio garantizado<\/a><\/p>\n<p>[\/et_pb_text][\/et_pb_column][\/et_pb_row][\/et_pb_section]<\/p>\n","protected":false},"excerpt":{"rendered":"<p>HABITACI\u00d3N DOBLE VISTA CANAL 2 personas Vista al r\u00edo12m2 1 x Cama Matrimonial Entre 75 y 140\u20ac \u00a1Disfruta de vistas espectaculares sobre uno de los canales del centro hist\u00f3rico y del encanto del amanecer sobre el campanario de la catedral tras una noche de descanso! Incluso los paisajes de Annecy est\u00e1n presentes en estas 2 [&hellip;]<\/p>\n","protected":false},"author":1,"featured_media":0,"parent":321,"menu_order":0,"comment_status":"closed","ping_status":"closed","template":"","meta":{"_et_pb_use_builder":"on","_et_pb_old_content":"","_et_gb_content_width":"","footnotes":""},"class_list":["post-2361","page","type-page","status-publish","hentry"],"yoast_head":"<!-- This site is optimized with the Yoast SEO plugin v27.3 - https:\/\/yoast.com\/product\/yoast-seo-wordpress\/ -->\n<title>HABITACI\u00d3N DOBLE VISTA CANAL - Atipik H\u00f4tel<\/title>\n<meta name=\"robots\" content=\"index, follow, max-snippet:-1, max-image-preview:large, max-video-preview:-1\" \/>\n<link rel=\"canonical\" href=\"https:\/\/www.atipikhotel.fr\/index.php\/es\/habitaciones\/habitacion-doble-vista-canal\/\" \/>\n<meta property=\"og:locale\" content=\"fr_FR\" \/>\n<meta property=\"og:type\" content=\"article\" \/>\n<meta property=\"og:title\" content=\"HABITACI\u00d3N DOBLE VISTA CANAL - Atipik H\u00f4tel\" \/>\n<meta property=\"og:description\" content=\"HABITACI\u00d3N DOBLE VISTA CANAL 2 personas Vista al r\u00edo12m2 1 x Cama Matrimonial Entre 75 y 140\u20ac \u00a1Disfruta de vistas espectaculares sobre uno de los canales del centro hist\u00f3rico y del encanto del amanecer sobre el campanario de la catedral tras una noche de descanso! Incluso los paisajes de Annecy est\u00e1n presentes en estas 2 [&hellip;]\" \/>\n<meta property=\"og:url\" content=\"https:\/\/www.atipikhotel.fr\/index.php\/es\/habitaciones\/habitacion-doble-vista-canal\/\" \/>\n<meta property=\"og:site_name\" content=\"Atipik H\u00f4tel\" \/>\n<meta property=\"article:modified_time\" content=\"2023-12-12T11:28:13+00:00\" \/>\n<meta property=\"og:image\" content=\"https:\/\/www.atipikhotel.fr\/wp-content\/uploads\/2021\/04\/man-user.png\" \/>\n<meta name=\"twitter:card\" content=\"summary_large_image\" \/>\n<meta name=\"twitter:label1\" content=\"Dur\u00e9e de lecture estim\u00e9e\" \/>\n\t<meta name=\"twitter:data1\" content=\"2 minutes\" \/>\n<script type=\"application\/ld+json\" class=\"yoast-schema-graph\">{\"@context\":\"https:\\\/\\\/schema.org\",\"@graph\":[{\"@type\":\"WebPage\",\"@id\":\"https:\\\/\\\/www.atipikhotel.fr\\\/index.php\\\/es\\\/habitaciones\\\/habitacion-doble-vista-canal\\\/\",\"url\":\"https:\\\/\\\/www.atipikhotel.fr\\\/index.php\\\/es\\\/habitaciones\\\/habitacion-doble-vista-canal\\\/\",\"name\":\"HABITACI\u00d3N DOBLE VISTA CANAL - Atipik H\u00f4tel\",\"isPartOf\":{\"@id\":\"https:\\\/\\\/www.atipikhotel.fr\\\/#website\"},\"primaryImageOfPage\":{\"@id\":\"https:\\\/\\\/www.atipikhotel.fr\\\/index.php\\\/es\\\/habitaciones\\\/habitacion-doble-vista-canal\\\/#primaryimage\"},\"image\":{\"@id\":\"https:\\\/\\\/www.atipikhotel.fr\\\/index.php\\\/es\\\/habitaciones\\\/habitacion-doble-vista-canal\\\/#primaryimage\"},\"thumbnailUrl\":\"https:\\\/\\\/www.atipikhotel.fr\\\/wp-content\\\/uploads\\\/2021\\\/04\\\/man-user.png\",\"datePublished\":\"2021-04-28T16:17:54+00:00\",\"dateModified\":\"2023-12-12T11:28:13+00:00\",\"breadcrumb\":{\"@id\":\"https:\\\/\\\/www.atipikhotel.fr\\\/index.php\\\/es\\\/habitaciones\\\/habitacion-doble-vista-canal\\\/#breadcrumb\"},\"inLanguage\":\"fr-FR\",\"potentialAction\":[{\"@type\":\"ReadAction\",\"target\":[\"https:\\\/\\\/www.atipikhotel.fr\\\/index.php\\\/es\\\/habitaciones\\\/habitacion-doble-vista-canal\\\/\"]}]},{\"@type\":\"ImageObject\",\"inLanguage\":\"fr-FR\",\"@id\":\"https:\\\/\\\/www.atipikhotel.fr\\\/index.php\\\/es\\\/habitaciones\\\/habitacion-doble-vista-canal\\\/#primaryimage\",\"url\":\"https:\\\/\\\/www.atipikhotel.fr\\\/wp-content\\\/uploads\\\/2021\\\/04\\\/man-user.png\",\"contentUrl\":\"https:\\\/\\\/www.atipikhotel.fr\\\/wp-content\\\/uploads\\\/2021\\\/04\\\/man-user.png\",\"width\":64,\"height\":64,\"caption\":\"Une personne\"},{\"@type\":\"BreadcrumbList\",\"@id\":\"https:\\\/\\\/www.atipikhotel.fr\\\/index.php\\\/es\\\/habitaciones\\\/habitacion-doble-vista-canal\\\/#breadcrumb\",\"itemListElement\":[{\"@type\":\"ListItem\",\"position\":1,\"name\":\"Accueil\",\"item\":\"https:\\\/\\\/www.atipikhotel.fr\\\/\"},{\"@type\":\"ListItem\",\"position\":2,\"name\":\"Habitaciones\",\"item\":\"https:\\\/\\\/www.atipikhotel.fr\\\/index.php\\\/es\\\/habitaciones\\\/\"},{\"@type\":\"ListItem\",\"position\":3,\"name\":\"HABITACI\u00d3N DOBLE VISTA CANAL\"}]},{\"@type\":\"WebSite\",\"@id\":\"https:\\\/\\\/www.atipikhotel.fr\\\/#website\",\"url\":\"https:\\\/\\\/www.atipikhotel.fr\\\/\",\"name\":\"Atipik H\u00f4tel\",\"description\":\"Enfin, un h\u00f4tel diff\u00e9rent !\",\"potentialAction\":[{\"@type\":\"SearchAction\",\"target\":{\"@type\":\"EntryPoint\",\"urlTemplate\":\"https:\\\/\\\/www.atipikhotel.fr\\\/?s={search_term_string}\"},\"query-input\":{\"@type\":\"PropertyValueSpecification\",\"valueRequired\":true,\"valueName\":\"search_term_string\"}}],\"inLanguage\":\"fr-FR\"}]}<\/script>\n<!-- \/ Yoast SEO plugin. -->","yoast_head_json":{"title":"HABITACI\u00d3N DOBLE VISTA CANAL - Atipik H\u00f4tel","robots":{"index":"index","follow":"follow","max-snippet":"max-snippet:-1","max-image-preview":"max-image-preview:large","max-video-preview":"max-video-preview:-1"},"canonical":"https:\/\/www.atipikhotel.fr\/index.php\/es\/habitaciones\/habitacion-doble-vista-canal\/","og_locale":"fr_FR","og_type":"article","og_title":"HABITACI\u00d3N DOBLE VISTA CANAL - Atipik H\u00f4tel","og_description":"HABITACI\u00d3N DOBLE VISTA CANAL 2 personas Vista al r\u00edo12m2 1 x Cama Matrimonial Entre 75 y 140\u20ac \u00a1Disfruta de vistas espectaculares sobre uno de los canales del centro hist\u00f3rico y del encanto del amanecer sobre el campanario de la catedral tras una noche de descanso! Incluso los paisajes de Annecy est\u00e1n presentes en estas 2 [&hellip;]","og_url":"https:\/\/www.atipikhotel.fr\/index.php\/es\/habitaciones\/habitacion-doble-vista-canal\/","og_site_name":"Atipik H\u00f4tel","article_modified_time":"2023-12-12T11:28:13+00:00","og_image":[{"url":"https:\/\/www.atipikhotel.fr\/wp-content\/uploads\/2021\/04\/man-user.png","type":"","width":"","height":""}],"twitter_card":"summary_large_image","twitter_misc":{"Dur\u00e9e de lecture estim\u00e9e":"2 minutes"},"schema":{"@context":"https:\/\/schema.org","@graph":[{"@type":"WebPage","@id":"https:\/\/www.atipikhotel.fr\/index.php\/es\/habitaciones\/habitacion-doble-vista-canal\/","url":"https:\/\/www.atipikhotel.fr\/index.php\/es\/habitaciones\/habitacion-doble-vista-canal\/","name":"HABITACI\u00d3N DOBLE VISTA CANAL - Atipik H\u00f4tel","isPartOf":{"@id":"https:\/\/www.atipikhotel.fr\/#website"},"primaryImageOfPage":{"@id":"https:\/\/www.atipikhotel.fr\/index.php\/es\/habitaciones\/habitacion-doble-vista-canal\/#primaryimage"},"image":{"@id":"https:\/\/www.atipikhotel.fr\/index.php\/es\/habitaciones\/habitacion-doble-vista-canal\/#primaryimage"},"thumbnailUrl":"https:\/\/www.atipikhotel.fr\/wp-content\/uploads\/2021\/04\/man-user.png","datePublished":"2021-04-28T16:17:54+00:00","dateModified":"2023-12-12T11:28:13+00:00","breadcrumb":{"@id":"https:\/\/www.atipikhotel.fr\/index.php\/es\/habitaciones\/habitacion-doble-vista-canal\/#breadcrumb"},"inLanguage":"fr-FR","potentialAction":[{"@type":"ReadAction","target":["https:\/\/www.atipikhotel.fr\/index.php\/es\/habitaciones\/habitacion-doble-vista-canal\/"]}]},{"@type":"ImageObject","inLanguage":"fr-FR","@id":"https:\/\/www.atipikhotel.fr\/index.php\/es\/habitaciones\/habitacion-doble-vista-canal\/#primaryimage","url":"https:\/\/www.atipikhotel.fr\/wp-content\/uploads\/2021\/04\/man-user.png","contentUrl":"https:\/\/www.atipikhotel.fr\/wp-content\/uploads\/2021\/04\/man-user.png","width":64,"height":64,"caption":"Une personne"},{"@type":"BreadcrumbList","@id":"https:\/\/www.atipikhotel.fr\/index.php\/es\/habitaciones\/habitacion-doble-vista-canal\/#breadcrumb","itemListElement":[{"@type":"ListItem","position":1,"name":"Accueil","item":"https:\/\/www.atipikhotel.fr\/"},{"@type":"ListItem","position":2,"name":"Habitaciones","item":"https:\/\/www.atipikhotel.fr\/index.php\/es\/habitaciones\/"},{"@type":"ListItem","position":3,"name":"HABITACI\u00d3N DOBLE VISTA CANAL"}]},{"@type":"WebSite","@id":"https:\/\/www.atipikhotel.fr\/#website","url":"https:\/\/www.atipikhotel.fr\/","name":"Atipik H\u00f4tel","description":"Enfin, un h\u00f4tel diff\u00e9rent !","potentialAction":[{"@type":"SearchAction","target":{"@type":"EntryPoint","urlTemplate":"https:\/\/www.atipikhotel.fr\/?s={search_term_string}"},"query-input":{"@type":"PropertyValueSpecification","valueRequired":true,"valueName":"search_term_string"}}],"inLanguage":"fr-FR"}]}},"_links":{"self":[{"href":"https:\/\/www.atipikhotel.fr\/index.php\/wp-json\/wp\/v2\/pages\/2361","targetHints":{"allow":["GET"]}}],"collection":[{"href":"https:\/\/www.atipikhotel.fr\/index.php\/wp-json\/wp\/v2\/pages"}],"about":[{"href":"https:\/\/www.atipikhotel.fr\/index.php\/wp-json\/wp\/v2\/types\/page"}],"author":[{"embeddable":true,"href":"https:\/\/www.atipikhotel.fr\/index.php\/wp-json\/wp\/v2\/users\/1"}],"replies":[{"embeddable":true,"href":"https:\/\/www.atipikhotel.fr\/index.php\/wp-json\/wp\/v2\/comments?post=2361"}],"version-history":[{"count":5,"href":"https:\/\/www.atipikhotel.fr\/index.php\/wp-json\/wp\/v2\/pages\/2361\/revisions"}],"predecessor-version":[{"id":3538,"href":"https:\/\/www.atipikhotel.fr\/index.php\/wp-json\/wp\/v2\/pages\/2361\/revisions\/3538"}],"up":[{"embeddable":true,"href":"https:\/\/www.atipikhotel.fr\/index.php\/wp-json\/wp\/v2\/pages\/321"}],"wp:attachment":[{"href":"https:\/\/www.atipikhotel.fr\/index.php\/wp-json\/wp\/v2\/media?parent=2361"}],"curies":[{"name":"wp","href":"https:\/\/api.w.org\/{rel}","templated":true}]}}