{"id":439,"date":"2021-04-12T20:41:09","date_gmt":"2021-04-12T18:41:09","guid":{"rendered":"http:\/\/atipikx.cluster030.hosting.ovh.net\/?page_id=439"},"modified":"2024-04-22T09:27:52","modified_gmt":"2024-04-22T07:27:52","slug":"services-2","status":"publish","type":"page","link":"https:\/\/www.atipikhotel.fr\/index.php\/en\/services-2\/","title":{"rendered":"Services EN"},"content":{"rendered":"<p>[et_pb_section fb_built=\u00a0\u00bb1&Prime; fullwidth=\u00a0\u00bbon\u00a0\u00bb _builder_version=\u00a0\u00bb4.16&Prime; _module_preset=\u00a0\u00bbdefault\u00a0\u00bb hover_enabled=\u00a0\u00bb0&Prime; global_colors_info=\u00a0\u00bb{}\u00a0\u00bb sticky_enabled=\u00a0\u00bb0&Prime;][et_pb_fullwidth_slider _builder_version=\u00a0\u00bb4.16&Prime; _module_preset=\u00a0\u00bbdefault\u00a0\u00bb global_colors_info=\u00a0\u00bb{}\u00a0\u00bb][et_pb_slide _builder_version=\u00a0\u00bb4.16&Prime; _module_preset=\u00a0\u00bbdefault\u00a0\u00bb background_enable_color=\u00a0\u00bboff\u00a0\u00bb background_image=\u00a0\u00bbhttps:\/\/www.atipikhotel.fr\/wp-content\/uploads\/2021\/04\/services-hotel-atipik.jpeg\u00a0\u00bb background_enable_image=\u00a0\u00bbon\u00a0\u00bb global_colors_info=\u00a0\u00bb{}\u00a0\u00bb sticky_transition=\u00a0\u00bbon\u00a0\u00bb][\/et_pb_slide][\/et_pb_fullwidth_slider][et_pb_fullwidth_code admin_label=\u00a0\u00bbWidget Booking Engine Misterbooking EN\u00a0\u00bb module_class=\u00a0\u00bbath-be-mb\u00a0\u00bb _builder_version=\u00a0\u00bb4.9.3&Prime; _module_preset=\u00a0\u00bbdefault\u00a0\u00bb hover_enabled=\u00a0\u00bb0&Prime; global_module=\u00a0\u00bb771&Prime; global_colors_info=\u00a0\u00bb{}\u00a0\u00bb sticky_enabled=\u00a0\u00bb0&Prime;]<\/p>\n<div id=\"widgetMB2\"><\/div>\n<p><!-- [et_pb_line_break_holder] --><script><!-- [et_pb_line_break_holder] -->var langue = 'en';<!-- [et_pb_line_break_holder] -->var id_etab = '3c64c649f31b4178f8a8b65035f11adc';<!-- [et_pb_line_break_holder] -->var param = '1201102000020000044598691';<!-- [et_pb_line_break_holder] --><\/script><!-- [et_pb_line_break_holder] --><script src=\"https:\/\/www.secure-direct-hotel-booking.com\/widget\/scriptWidget.js\"><\/script>[\/et_pb_fullwidth_code][\/et_pb_section][et_pb_section fb_built=\u00a0\u00bb1&Prime; module_class=\u00a0\u00bbath-services-intro-section\u00a0\u00bb _builder_version=\u00a0\u00bb4.16&Prime; _module_preset=\u00a0\u00bbdefault\u00a0\u00bb custom_padding=\u00a0\u00bb0px||0px||false|false\u00a0\u00bb hover_enabled=\u00a0\u00bb0&Prime; global_colors_info=\u00a0\u00bb{}\u00a0\u00bb sticky_enabled=\u00a0\u00bb0&Prime;][et_pb_row _builder_version=\u00a0\u00bb4.16&Prime; _module_preset=\u00a0\u00bbdefault\u00a0\u00bb global_colors_info=\u00a0\u00bb{}\u00a0\u00bb][et_pb_column type=\u00a0\u00bb4_4&Prime; _builder_version=\u00a0\u00bb4.16&Prime; _module_preset=\u00a0\u00bbdefault\u00a0\u00bb global_colors_info=\u00a0\u00bb{}\u00a0\u00bb][et_pb_text admin_label=\u00a0\u00bbReception 24\/7 and bar\u00a0\u00bb _builder_version=\u00a0\u00bb4.16&Prime; _module_preset=\u00a0\u00bbdefault\u00a0\u00bb global_colors_info=\u00a0\u00bb{}\u00a0\u00bb]<\/p>\n<h1 style=\"text-align: center;\">Reception 24\/7 and bar<\/h1>\n<p style=\"text-align: center;\">We are always here for you<\/p>\n<p>&nbsp;<\/p>\n<p>[\/et_pb_text][\/et_pb_column][\/et_pb_row][et_pb_row column_structure=\u00a0\u00bb1_2,1_2&Prime; make_equal=\u00a0\u00bbon\u00a0\u00bb module_class=\u00a0\u00bbath-line-full-width\u00a0\u00bb _builder_version=\u00a0\u00bb4.16&Prime; _module_preset=\u00a0\u00bbdefault\u00a0\u00bb width=\u00a0\u00bb100%\u00a0\u00bb max_width=\u00a0\u00bb100%\u00a0\u00bb custom_padding=\u00a0\u00bb0px|0px|0px|0px|false|false\u00a0\u00bb global_colors_info=\u00a0\u00bb{}\u00a0\u00bb][et_pb_column type=\u00a0\u00bb1_2&Prime; _builder_version=\u00a0\u00bb4.16&Prime; _module_preset=\u00a0\u00bbdefault\u00a0\u00bb background_image=\u00a0\u00bbhttps:\/\/www.atipikhotel.fr\/wp-content\/uploads\/2021\/04\/petit-dejeuner.png\u00a0\u00bb global_colors_info=\u00a0\u00bb{}\u00a0\u00bb][et_pb_text admin_label=\u00a0\u00bbTexte vide\u00a0\u00bb _builder_version=\u00a0\u00bb4.16&Prime; _module_preset=\u00a0\u00bbdefault\u00a0\u00bb global_colors_info=\u00a0\u00bb{}\u00a0\u00bb][\/et_pb_text][\/et_pb_column][et_pb_column type=\u00a0\u00bb1_2&Prime; module_class=\u00a0\u00bbath-grey-col\u00a0\u00bb _builder_version=\u00a0\u00bb4.16&Prime; _module_preset=\u00a0\u00bbdefault\u00a0\u00bb global_colors_info=\u00a0\u00bb{}\u00a0\u00bb][et_pb_text admin_label=\u00a0\u00bbBreakfast buffet\u00a0\u00bb _builder_version=\u00a0\u00bb4.24.3&Prime; _module_preset=\u00a0\u00bbdefault\u00a0\u00bb hover_enabled=\u00a0\u00bb0&Prime; global_colors_info=\u00a0\u00bb{}\u00a0\u00bb sticky_enabled=\u00a0\u00bb0&Prime;]<\/p>\n<h2 style=\"text-align: center;\">Breakfast buffet<\/h2>\n<p style=\"text-align: center;\">Because a great day cannot start without a great breakfast, we offer you every day a sweet and savoury breakfast buffet: large selection of hot drinks, fruit juices, fresh fruit, yogurts, jams, butters\u2026 Baguette, special breads and pastries from our bakery. Also, jams and cheeses from our region and an assortment of cold cuts.<br \/>It is served monday to friday for you between 6.30am and 10.00am, and from 7.00am on saturdays and sundays in our \u201cNature\u201d room, under a tree, under the kind watch of Pedro!<\/p>\n<p>[\/et_pb_text][\/et_pb_column][\/et_pb_row][et_pb_row column_structure=\u00a0\u00bb1_3,1_3,1_3&Prime; make_equal=\u00a0\u00bbon\u00a0\u00bb module_class=\u00a0\u00bbath-line-full-width ath-full-three\u00a0\u00bb _builder_version=\u00a0\u00bb4.16&Prime; _module_preset=\u00a0\u00bbdefault\u00a0\u00bb width=\u00a0\u00bb100%\u00a0\u00bb max_width=\u00a0\u00bb100%\u00a0\u00bb custom_padding=\u00a0\u00bb0px|0px|0px|0px|false|false\u00a0\u00bb global_colors_info=\u00a0\u00bb{}\u00a0\u00bb][et_pb_column type=\u00a0\u00bb1_3&Prime; _builder_version=\u00a0\u00bb4.16&Prime; _module_preset=\u00a0\u00bbdefault\u00a0\u00bb global_colors_info=\u00a0\u00bb{}\u00a0\u00bb][et_pb_text admin_label=\u00a0\u00bbReception 24\/7 and bar\u00a0\u00bb _builder_version=\u00a0\u00bb4.16&Prime; _module_preset=\u00a0\u00bbdefault\u00a0\u00bb global_colors_info=\u00a0\u00bb{}\u00a0\u00bb]<\/p>\n<h2 style=\"text-align: center;\">Reception 24\/7 and bar<\/h2>\n<p style=\"text-align: center;\">Slightly hungry or in need of a drink? Then come and join us at our reception, open 24\/7, for a bite to eat or to enjoy a planche savoyarde, a selection of regional cold cuts, all of this with a nice glass of your drink of choice.<br \/>We also offers you its selection of beers, wines, hot and cold drinks, champagne (glass or half bottle), assortment of snacks, a selection of cooked and gourmet dishes \u2026 at all times!<\/p>\n<p>[\/et_pb_text][\/et_pb_column][et_pb_column type=\u00a0\u00bb1_3&Prime; _builder_version=\u00a0\u00bb4.16&Prime; _module_preset=\u00a0\u00bbdefault\u00a0\u00bb background_image=\u00a0\u00bbhttps:\/\/www.atipikhotel.fr\/wp-content\/uploads\/2021\/04\/reception-bar-infos-touristiques.jpeg\u00a0\u00bb global_colors_info=\u00a0\u00bb{}\u00a0\u00bb][\/et_pb_column][et_pb_column type=\u00a0\u00bb1_3&Prime; _builder_version=\u00a0\u00bb4.16&Prime; _module_preset=\u00a0\u00bbdefault\u00a0\u00bb global_colors_info=\u00a0\u00bb{}\u00a0\u00bb][et_pb_text admin_label=\u00a0\u00bbTourist information\u00a0\u00bb _builder_version=\u00a0\u00bb4.16&Prime; _module_preset=\u00a0\u00bbdefault\u00a0\u00bb global_colors_info=\u00a0\u00bb{}\u00a0\u00bb]<\/p>\n<h2 style=\"text-align: center;\">Tourist information<\/h2>\n<p style=\"text-align: center;\">If you want a good recommendation for a restaurant, to book a taxi or any other information, the whole team will bring you all the hints you need so that you can enjoy a great stay.<\/p>\n<p>[\/et_pb_text][\/et_pb_column][\/et_pb_row][et_pb_row column_structure=\u00a0\u00bb1_2,1_2&Prime; make_equal=\u00a0\u00bbon\u00a0\u00bb module_class=\u00a0\u00bbath-line-full-width\u00a0\u00bb _builder_version=\u00a0\u00bb4.16&Prime; _module_preset=\u00a0\u00bbdefault\u00a0\u00bb width=\u00a0\u00bb100%\u00a0\u00bb max_width=\u00a0\u00bb100%\u00a0\u00bb custom_padding=\u00a0\u00bb0px|0px|0px|0px|false|false\u00a0\u00bb global_colors_info=\u00a0\u00bb{}\u00a0\u00bb][et_pb_column type=\u00a0\u00bb1_2&Prime; module_class=\u00a0\u00bbath-grey-col\u00a0\u00bb _builder_version=\u00a0\u00bb4.16&Prime; _module_preset=\u00a0\u00bbdefault\u00a0\u00bb global_colors_info=\u00a0\u00bb{}\u00a0\u00bb][et_pb_text admin_label=\u00a0\u00bbParking\u00a0\u00bb _builder_version=\u00a0\u00bb4.16&Prime; _module_preset=\u00a0\u00bbdefault\u00a0\u00bb global_colors_info=\u00a0\u00bb{}\u00a0\u00bb]<\/p>\n<h2 style=\"text-align: center;\">Parking<\/h2>\n<p style=\"text-align: center;\">There are night offers (7.00 p.m. to 8.00 a.m.) available at many underground car parks near the hotel, just 250 yards away! You can also go directly to the POSTE or BONLIEU-PREFECTURE car parks (150 yds.) and take a ticket. Come out at the VAUGELAS pedestrian exit. Ask for your discount ticket the next day before you leave.<\/p>\n<p>[\/et_pb_text][\/et_pb_column][et_pb_column type=\u00a0\u00bb1_2&Prime; _builder_version=\u00a0\u00bb4.16&Prime; _module_preset=\u00a0\u00bbdefault\u00a0\u00bb background_image=\u00a0\u00bbhttps:\/\/www.atipikhotel.fr\/wp-content\/uploads\/2021\/04\/parking.png\u00a0\u00bb global_colors_info=\u00a0\u00bb{}\u00a0\u00bb][\/et_pb_column][\/et_pb_row][et_pb_row module_class=\u00a0\u00bbath-services-list-title\u00a0\u00bb _builder_version=\u00a0\u00bb4.16&Prime; _module_preset=\u00a0\u00bbdefault\u00a0\u00bb global_colors_info=\u00a0\u00bb{}\u00a0\u00bb][et_pb_column type=\u00a0\u00bb4_4&Prime; _builder_version=\u00a0\u00bb4.16&Prime; _module_preset=\u00a0\u00bbdefault\u00a0\u00bb global_colors_info=\u00a0\u00bb{}\u00a0\u00bb][et_pb_text admin_label=\u00a0\u00bbBut also&#8230;\u00a0\u00bb _builder_version=\u00a0\u00bb4.16&Prime; _module_preset=\u00a0\u00bbdefault\u00a0\u00bb global_colors_info=\u00a0\u00bb{}\u00a0\u00bb]<\/p>\n<h2 style=\"text-align: center;\">But also&#8230;<\/h2>\n<p>[\/et_pb_text][\/et_pb_column][\/et_pb_row][et_pb_row column_structure=\u00a0\u00bb1_3,1_3,1_3&Prime; make_equal=\u00a0\u00bbon\u00a0\u00bb module_class=\u00a0\u00bbath-services-list\u00a0\u00bb _builder_version=\u00a0\u00bb4.16&Prime; _module_preset=\u00a0\u00bbdefault\u00a0\u00bb global_colors_info=\u00a0\u00bb{}\u00a0\u00bb][et_pb_column type=\u00a0\u00bb1_3&Prime; _builder_version=\u00a0\u00bb4.16&Prime; _module_preset=\u00a0\u00bbdefault\u00a0\u00bb global_colors_info=\u00a0\u00bb{}\u00a0\u00bb][et_pb_text admin_label=\u00a0\u00bbWifi\u00a0\u00bb _builder_version=\u00a0\u00bb4.16&Prime; _module_preset=\u00a0\u00bbdefault\u00a0\u00bb global_colors_info=\u00a0\u00bb{}\u00a0\u00bb]<\/p>\n<p style=\"text-align: center;\"><img decoding=\"async\" class=\"wp-image-401 alignnone size-full\" src=\"https:\/\/www.atipikhotel.fr\/wp-content\/uploads\/2021\/04\/wifi.png\" alt=\"Wifi\" width=\"58\" height=\"65\" \/><\/p>\n<p style=\"text-align: center;\">Free Wi-Fi. Like a true nethead, stay in touch with your friends at all times via social media. Log on to our FREE WI-FI to like, tweet and google!<\/p>\n<p>[\/et_pb_text][\/et_pb_column][et_pb_column type=\u00a0\u00bb1_3&Prime; _builder_version=\u00a0\u00bb4.16&Prime; _module_preset=\u00a0\u00bbdefault\u00a0\u00bb global_colors_info=\u00a0\u00bb{}\u00a0\u00bb][et_pb_text admin_label=\u00a0\u00bbBagagerie\u00a0\u00bb _builder_version=\u00a0\u00bb4.16&Prime; _module_preset=\u00a0\u00bbdefault\u00a0\u00bb global_colors_info=\u00a0\u00bb{}\u00a0\u00bb]<\/p>\n<p style=\"text-align: center;\"><img decoding=\"async\" class=\"wp-image-404 alignnone size-full\" src=\"https:\/\/www.atipikhotel.fr\/wp-content\/uploads\/2021\/04\/bagagerie.png\" alt=\"Bagagerie\" width=\"71\" height=\"71\" \/><\/p>\n<p style=\"text-align: center;\">Luggage storage. Would you like to make the most of your day in Annecy without having to carry your heavy bags? We will take care of your luggage and personal items and keep them safe in our luggage storage room or store your valuables in our safety deposit box.<\/p>\n<p>[\/et_pb_text][\/et_pb_column][et_pb_column type=\u00a0\u00bb1_3&Prime; _builder_version=\u00a0\u00bb4.16&Prime; _module_preset=\u00a0\u00bbdefault\u00a0\u00bb global_colors_info=\u00a0\u00bb{}\u00a0\u00bb][et_pb_text admin_label=\u00a0\u00bbClimatisation\u00a0\u00bb _builder_version=\u00a0\u00bb4.16&Prime; _module_preset=\u00a0\u00bbdefault\u00a0\u00bb global_colors_info=\u00a0\u00bb{}\u00a0\u00bb]<\/p>\n<p style=\"text-align: center;\"><img decoding=\"async\" class=\"wp-image-408 alignnone size-full\" src=\"https:\/\/www.atipikhotel.fr\/wp-content\/uploads\/2021\/04\/climatisation.png\" alt=\"climatisation\" width=\"71\" height=\"71\" \/><\/p>\n<p style=\"text-align: center;\">The hotel has air conditioning<\/p>\n<p>[\/et_pb_text][\/et_pb_column][\/et_pb_row][et_pb_row column_structure=\u00a0\u00bb1_3,1_3,1_3&Prime; make_equal=\u00a0\u00bbon\u00a0\u00bb module_class=\u00a0\u00bbath-services-list\u00a0\u00bb _builder_version=\u00a0\u00bb4.16&Prime; _module_preset=\u00a0\u00bbdefault\u00a0\u00bb global_colors_info=\u00a0\u00bb{}\u00a0\u00bb][et_pb_column type=\u00a0\u00bb1_3&Prime; _builder_version=\u00a0\u00bb4.16&Prime; _module_preset=\u00a0\u00bbdefault\u00a0\u00bb global_colors_info=\u00a0\u00bb{}\u00a0\u00bb][et_pb_text admin_label=\u00a0\u00bbNews\u00a0\u00bb _builder_version=\u00a0\u00bb4.16&Prime; _module_preset=\u00a0\u00bbdefault\u00a0\u00bb global_colors_info=\u00a0\u00bb{}\u00a0\u00bb]<\/p>\n<p style=\"text-align: center;\"><img decoding=\"async\" class=\"wp-image-413 alignnone size-full\" src=\"https:\/\/www.atipikhotel.fr\/wp-content\/uploads\/2021\/04\/journal-tv-magazines.png\" alt=\"journal, tv, magazines\" width=\"71\" height=\"71\" \/><\/p>\n<p style=\"text-align: center;\">Regional newspapers, TV news channels, magazines\u2026 The perfect morning awakening!<\/p>\n<p>[\/et_pb_text][\/et_pb_column][et_pb_column type=\u00a0\u00bb1_3&Prime; _builder_version=\u00a0\u00bb4.16&Prime; _module_preset=\u00a0\u00bbdefault\u00a0\u00bb global_colors_info=\u00a0\u00bb{}\u00a0\u00bb][et_pb_text admin_label=\u00a0\u00bbBibliothe\u0300que\u00a0\u00bb _builder_version=\u00a0\u00bb4.16&Prime; _module_preset=\u00a0\u00bbdefault\u00a0\u00bb global_colors_info=\u00a0\u00bb{}\u00a0\u00bb]<\/p>\n<p style=\"text-align: center;\"><img decoding=\"async\" class=\"wp-image-417 alignnone size-full\" src=\"https:\/\/www.atipikhotel.fr\/wp-content\/uploads\/2021\/04\/bibliothe\u0300que.png\" alt=\"bibliothe\u0300que\" width=\"71\" height=\"71\" \/><\/p>\n<p style=\"text-align: center;\">Library: A quiet atmosphere to travel through literature.<\/p>\n<p>[\/et_pb_text][\/et_pb_column][et_pb_column type=\u00a0\u00bb1_3&Prime; _builder_version=\u00a0\u00bb4.16&Prime; _module_preset=\u00a0\u00bbdefault\u00a0\u00bb global_colors_info=\u00a0\u00bb{}\u00a0\u00bb][et_pb_text admin_label=\u00a0\u00bbJeux \u00e0 disposition\u00a0\u00bb _builder_version=\u00a0\u00bb4.16&Prime; _module_preset=\u00a0\u00bbdefault\u00a0\u00bb global_colors_info=\u00a0\u00bb{}\u00a0\u00bb]<\/p>\n<p style=\"text-align: center;\"><img decoding=\"async\" class=\"wp-image-422 alignnone size-full\" src=\"https:\/\/www.atipikhotel.fr\/wp-content\/uploads\/2021\/04\/jeux.png\" alt=\"Jeux \u00e0 disposition\" width=\"71\" height=\"71\" \/><\/p>\n<p style=\"text-align: center;\">Games available: Share your fun times.<\/p>\n<p>[\/et_pb_text][\/et_pb_column][\/et_pb_row][\/et_pb_section][et_pb_section fb_built=\u00a0\u00bb1&Prime; module_class=\u00a0\u00bbath-grey-section\u00a0\u00bb _builder_version=\u00a0\u00bb4.16&Prime; _module_preset=\u00a0\u00bbdefault\u00a0\u00bb global_colors_info=\u00a0\u00bb{}\u00a0\u00bb][et_pb_row admin_label=\u00a0\u00bbLigne\u00a0\u00bb module_class=\u00a0\u00bbath-infos-line\u00a0\u00bb _builder_version=\u00a0\u00bb4.16&Prime; _module_preset=\u00a0\u00bbdefault\u00a0\u00bb global_colors_info=\u00a0\u00bb{}\u00a0\u00bb][et_pb_column type=\u00a0\u00bb4_4&Prime; _builder_version=\u00a0\u00bb4.16&Prime; _module_preset=\u00a0\u00bbdefault\u00a0\u00bb global_colors_info=\u00a0\u00bb{}\u00a0\u00bb][et_pb_text admin_label=\u00a0\u00bbINFOS IMPORTANTES \u00c0 PRENDRE EN COMPTE POUR VOTRE R\u00c9SERVATION\u00a0\u00bb _builder_version=\u00a0\u00bb4.23.4&Prime; _module_preset=\u00a0\u00bbdefault\u00a0\u00bb global_colors_info=\u00a0\u00bb{}\u00a0\u00bb]<\/p>\n<h2 style=\"text-align: center;\">IMPORTANT INFORMATION FOR YOUR BOOKING<\/h2>\n<ul>\n<li style=\"text-align: left;\">Our hotel does not have elevator.<\/li>\n<li>We do not have a room on the ground floor, for all requests from a person with reduced mobility, please contact the reception directly by phone or email.<\/li>\n<li style=\"text-align: left;\">Extra beds are not available. Baby cots are available ONLY in SPECIFIC rooms. Please ask us before booking (extra cost).<\/li>\n<li style=\"text-align: left;\">We accept pets in ou hotel, up to 15kgs for an extra cost of 5\u20ac per night\u00a0<\/li>\n<li>Check-in: from 2.30 p.m.<\/li>\n<li>Check-out: before 11.00 a.m.<\/li>\n<li>Means of payment accepted: cash (500\u20ac banknotes refused), credit card, holiday vouchers ANCV<\/li>\n<\/ul>\n<p>[\/et_pb_text][\/et_pb_column][\/et_pb_row][\/et_pb_section][et_pb_section fb_built=\u00a0\u00bb1&Prime; _builder_version=\u00a0\u00bb4.16&Prime; _module_preset=\u00a0\u00bbdefault\u00a0\u00bb background_image=\u00a0\u00bbhttps:\/\/www.atipikhotel.fr\/wp-content\/uploads\/2021\/04\/escaliers.jpeg\u00a0\u00bb parallax=\u00a0\u00bbon\u00a0\u00bb parallax_method=\u00a0\u00bboff\u00a0\u00bb global_colors_info=\u00a0\u00bb{}\u00a0\u00bb][et_pb_row module_class=\u00a0\u00bbath-question-line\u00a0\u00bb _builder_version=\u00a0\u00bb4.16&Prime; _module_preset=\u00a0\u00bbdefault\u00a0\u00bb global_colors_info=\u00a0\u00bb{}\u00a0\u00bb][et_pb_column type=\u00a0\u00bb4_4&Prime; _builder_version=\u00a0\u00bb4.16&Prime; _module_preset=\u00a0\u00bbdefault\u00a0\u00bb global_colors_info=\u00a0\u00bb{}\u00a0\u00bb][et_pb_text admin_label=\u00a0\u00bbA QUESTION?\u00a0\u00bb _builder_version=\u00a0\u00bb4.16&Prime; _module_preset=\u00a0\u00bbdefault\u00a0\u00bb global_colors_info=\u00a0\u00bb{}\u00a0\u00bb]<\/p>\n<h2 style=\"text-align: center;\">A QUESTION?<\/h2>\n<p>[\/et_pb_text][et_pb_button button_url=\u00a0\u00bb@ET-DC@eyJkeW5hbWljIjp0cnVlLCJjb250ZW50IjoicG9zdF9saW5rX3VybF9wYWdlIiwic2V0dGluZ3MiOnsicG9zdF9pZCI6Ijc0MiJ9fQ==@\u00a0\u00bb button_text=\u00a0\u00bbContact us\u00a0\u00bb button_alignment=\u00a0\u00bbcenter\u00a0\u00bb _builder_version=\u00a0\u00bb4.16&Prime; _dynamic_attributes=\u00a0\u00bbbutton_url\u00a0\u00bb _module_preset=\u00a0\u00bbdefault\u00a0\u00bb global_colors_info=\u00a0\u00bb{}\u00a0\u00bb][\/et_pb_button][\/et_pb_column][\/et_pb_row][\/et_pb_section]<\/p>\n","protected":false},"excerpt":{"rendered":"<p>Reception 24\/7 and bar We are always here for you &nbsp;Breakfast buffet Because a great day cannot start without a great breakfast, we offer you every day a sweet and savoury breakfast buffet: large selection of hot drinks, fruit juices, fresh fruit, yogurts, jams, butters\u2026 Baguette, special breads and pastries from our bakery. Also, jams [&hellip;]<\/p>\n","protected":false},"author":1,"featured_media":0,"parent":0,"menu_order":0,"comment_status":"closed","ping_status":"closed","template":"","meta":{"_et_pb_use_builder":"on","_et_pb_old_content":"","_et_gb_content_width":"","footnotes":""},"class_list":["post-439","page","type-page","status-publish","hentry"],"yoast_head":"<!-- This site is optimized with the Yoast SEO plugin v27.4 - https:\/\/yoast.com\/product\/yoast-seo-wordpress\/ -->\n<title>Services EN - Atipik H\u00f4tel<\/title>\n<meta name=\"robots\" content=\"index, follow, max-snippet:-1, max-image-preview:large, max-video-preview:-1\" \/>\n<link rel=\"canonical\" href=\"https:\/\/www.atipikhotel.fr\/index.php\/en\/services-2\/\" \/>\n<meta property=\"og:locale\" content=\"fr_FR\" \/>\n<meta property=\"og:type\" content=\"article\" \/>\n<meta property=\"og:title\" content=\"Services EN - Atipik H\u00f4tel\" \/>\n<meta property=\"og:description\" content=\"Reception 24\/7 and bar We are always here for you &nbsp;Breakfast buffet Because a great day cannot start without a great breakfast, we offer you every day a sweet and savoury breakfast buffet: large selection of hot drinks, fruit juices, fresh fruit, yogurts, jams, butters\u2026 Baguette, special breads and pastries from our bakery. Also, jams [&hellip;]\" \/>\n<meta property=\"og:url\" content=\"https:\/\/www.atipikhotel.fr\/index.php\/en\/services-2\/\" \/>\n<meta property=\"og:site_name\" content=\"Atipik H\u00f4tel\" \/>\n<meta property=\"article:modified_time\" content=\"2024-04-22T07:27:52+00:00\" \/>\n<meta property=\"og:image\" content=\"https:\/\/www.atipikhotel.fr\/wp-content\/uploads\/2021\/04\/wifi.png\" \/>\n<meta name=\"twitter:card\" content=\"summary_large_image\" \/>\n<meta name=\"twitter:label1\" content=\"Dur\u00e9e de lecture estim\u00e9e\" \/>\n\t<meta name=\"twitter:data1\" content=\"4 minutes\" \/>\n<script type=\"application\/ld+json\" class=\"yoast-schema-graph\">{\"@context\":\"https:\\\/\\\/schema.org\",\"@graph\":[{\"@type\":\"WebPage\",\"@id\":\"https:\\\/\\\/www.atipikhotel.fr\\\/index.php\\\/en\\\/services-2\\\/\",\"url\":\"https:\\\/\\\/www.atipikhotel.fr\\\/index.php\\\/en\\\/services-2\\\/\",\"name\":\"Services EN - Atipik H\u00f4tel\",\"isPartOf\":{\"@id\":\"https:\\\/\\\/www.atipikhotel.fr\\\/#website\"},\"primaryImageOfPage\":{\"@id\":\"https:\\\/\\\/www.atipikhotel.fr\\\/index.php\\\/en\\\/services-2\\\/#primaryimage\"},\"image\":{\"@id\":\"https:\\\/\\\/www.atipikhotel.fr\\\/index.php\\\/en\\\/services-2\\\/#primaryimage\"},\"thumbnailUrl\":\"https:\\\/\\\/www.atipikhotel.fr\\\/wp-content\\\/uploads\\\/2021\\\/04\\\/wifi.png\",\"datePublished\":\"2021-04-12T18:41:09+00:00\",\"dateModified\":\"2024-04-22T07:27:52+00:00\",\"breadcrumb\":{\"@id\":\"https:\\\/\\\/www.atipikhotel.fr\\\/index.php\\\/en\\\/services-2\\\/#breadcrumb\"},\"inLanguage\":\"fr-FR\",\"potentialAction\":[{\"@type\":\"ReadAction\",\"target\":[\"https:\\\/\\\/www.atipikhotel.fr\\\/index.php\\\/en\\\/services-2\\\/\"]}]},{\"@type\":\"ImageObject\",\"inLanguage\":\"fr-FR\",\"@id\":\"https:\\\/\\\/www.atipikhotel.fr\\\/index.php\\\/en\\\/services-2\\\/#primaryimage\",\"url\":\"https:\\\/\\\/www.atipikhotel.fr\\\/wp-content\\\/uploads\\\/2021\\\/04\\\/wifi.png\",\"contentUrl\":\"https:\\\/\\\/www.atipikhotel.fr\\\/wp-content\\\/uploads\\\/2021\\\/04\\\/wifi.png\",\"width\":58,\"height\":65,\"caption\":\"Wifi\"},{\"@type\":\"BreadcrumbList\",\"@id\":\"https:\\\/\\\/www.atipikhotel.fr\\\/index.php\\\/en\\\/services-2\\\/#breadcrumb\",\"itemListElement\":[{\"@type\":\"ListItem\",\"position\":1,\"name\":\"Accueil\",\"item\":\"https:\\\/\\\/www.atipikhotel.fr\\\/\"},{\"@type\":\"ListItem\",\"position\":2,\"name\":\"Services EN\"}]},{\"@type\":\"WebSite\",\"@id\":\"https:\\\/\\\/www.atipikhotel.fr\\\/#website\",\"url\":\"https:\\\/\\\/www.atipikhotel.fr\\\/\",\"name\":\"Atipik H\u00f4tel\",\"description\":\"Enfin, un h\u00f4tel diff\u00e9rent !\",\"potentialAction\":[{\"@type\":\"SearchAction\",\"target\":{\"@type\":\"EntryPoint\",\"urlTemplate\":\"https:\\\/\\\/www.atipikhotel.fr\\\/?s={search_term_string}\"},\"query-input\":{\"@type\":\"PropertyValueSpecification\",\"valueRequired\":true,\"valueName\":\"search_term_string\"}}],\"inLanguage\":\"fr-FR\"}]}<\/script>\n<!-- \/ Yoast SEO plugin. -->","yoast_head_json":{"title":"Services EN - Atipik H\u00f4tel","robots":{"index":"index","follow":"follow","max-snippet":"max-snippet:-1","max-image-preview":"max-image-preview:large","max-video-preview":"max-video-preview:-1"},"canonical":"https:\/\/www.atipikhotel.fr\/index.php\/en\/services-2\/","og_locale":"fr_FR","og_type":"article","og_title":"Services EN - Atipik H\u00f4tel","og_description":"Reception 24\/7 and bar We are always here for you &nbsp;Breakfast buffet Because a great day cannot start without a great breakfast, we offer you every day a sweet and savoury breakfast buffet: large selection of hot drinks, fruit juices, fresh fruit, yogurts, jams, butters\u2026 Baguette, special breads and pastries from our bakery. Also, jams [&hellip;]","og_url":"https:\/\/www.atipikhotel.fr\/index.php\/en\/services-2\/","og_site_name":"Atipik H\u00f4tel","article_modified_time":"2024-04-22T07:27:52+00:00","og_image":[{"url":"https:\/\/www.atipikhotel.fr\/wp-content\/uploads\/2021\/04\/wifi.png","type":"","width":"","height":""}],"twitter_card":"summary_large_image","twitter_misc":{"Dur\u00e9e de lecture estim\u00e9e":"4 minutes"},"schema":{"@context":"https:\/\/schema.org","@graph":[{"@type":"WebPage","@id":"https:\/\/www.atipikhotel.fr\/index.php\/en\/services-2\/","url":"https:\/\/www.atipikhotel.fr\/index.php\/en\/services-2\/","name":"Services EN - Atipik H\u00f4tel","isPartOf":{"@id":"https:\/\/www.atipikhotel.fr\/#website"},"primaryImageOfPage":{"@id":"https:\/\/www.atipikhotel.fr\/index.php\/en\/services-2\/#primaryimage"},"image":{"@id":"https:\/\/www.atipikhotel.fr\/index.php\/en\/services-2\/#primaryimage"},"thumbnailUrl":"https:\/\/www.atipikhotel.fr\/wp-content\/uploads\/2021\/04\/wifi.png","datePublished":"2021-04-12T18:41:09+00:00","dateModified":"2024-04-22T07:27:52+00:00","breadcrumb":{"@id":"https:\/\/www.atipikhotel.fr\/index.php\/en\/services-2\/#breadcrumb"},"inLanguage":"fr-FR","potentialAction":[{"@type":"ReadAction","target":["https:\/\/www.atipikhotel.fr\/index.php\/en\/services-2\/"]}]},{"@type":"ImageObject","inLanguage":"fr-FR","@id":"https:\/\/www.atipikhotel.fr\/index.php\/en\/services-2\/#primaryimage","url":"https:\/\/www.atipikhotel.fr\/wp-content\/uploads\/2021\/04\/wifi.png","contentUrl":"https:\/\/www.atipikhotel.fr\/wp-content\/uploads\/2021\/04\/wifi.png","width":58,"height":65,"caption":"Wifi"},{"@type":"BreadcrumbList","@id":"https:\/\/www.atipikhotel.fr\/index.php\/en\/services-2\/#breadcrumb","itemListElement":[{"@type":"ListItem","position":1,"name":"Accueil","item":"https:\/\/www.atipikhotel.fr\/"},{"@type":"ListItem","position":2,"name":"Services EN"}]},{"@type":"WebSite","@id":"https:\/\/www.atipikhotel.fr\/#website","url":"https:\/\/www.atipikhotel.fr\/","name":"Atipik H\u00f4tel","description":"Enfin, un h\u00f4tel diff\u00e9rent !","potentialAction":[{"@type":"SearchAction","target":{"@type":"EntryPoint","urlTemplate":"https:\/\/www.atipikhotel.fr\/?s={search_term_string}"},"query-input":{"@type":"PropertyValueSpecification","valueRequired":true,"valueName":"search_term_string"}}],"inLanguage":"fr-FR"}]}},"_links":{"self":[{"href":"https:\/\/www.atipikhotel.fr\/index.php\/wp-json\/wp\/v2\/pages\/439","targetHints":{"allow":["GET"]}}],"collection":[{"href":"https:\/\/www.atipikhotel.fr\/index.php\/wp-json\/wp\/v2\/pages"}],"about":[{"href":"https:\/\/www.atipikhotel.fr\/index.php\/wp-json\/wp\/v2\/types\/page"}],"author":[{"embeddable":true,"href":"https:\/\/www.atipikhotel.fr\/index.php\/wp-json\/wp\/v2\/users\/1"}],"replies":[{"embeddable":true,"href":"https:\/\/www.atipikhotel.fr\/index.php\/wp-json\/wp\/v2\/comments?post=439"}],"version-history":[{"count":5,"href":"https:\/\/www.atipikhotel.fr\/index.php\/wp-json\/wp\/v2\/pages\/439\/revisions"}],"predecessor-version":[{"id":3640,"href":"https:\/\/www.atipikhotel.fr\/index.php\/wp-json\/wp\/v2\/pages\/439\/revisions\/3640"}],"wp:attachment":[{"href":"https:\/\/www.atipikhotel.fr\/index.php\/wp-json\/wp\/v2\/media?parent=439"}],"curies":[{"name":"wp","href":"https:\/\/api.w.org\/{rel}","templated":true}]}}