{"id":444,"date":"2021-04-12T20:43:42","date_gmt":"2021-04-12T18:43:42","guid":{"rendered":"http:\/\/atipikx.cluster030.hosting.ovh.net\/?page_id=444"},"modified":"2024-04-22T09:30:53","modified_gmt":"2024-04-22T07:30:53","slug":"servicios","status":"publish","type":"page","link":"https:\/\/www.atipikhotel.fr\/index.php\/es\/servicios\/","title":{"rendered":"Servicios"},"content":{"rendered":"<p>[et_pb_section fb_built=\u00a0\u00bb1&Prime; fullwidth=\u00a0\u00bbon\u00a0\u00bb _builder_version=\u00a0\u00bb4.16&Prime; _module_preset=\u00a0\u00bbdefault\u00a0\u00bb global_colors_info=\u00a0\u00bb{}\u00a0\u00bb][et_pb_fullwidth_slider _builder_version=\u00a0\u00bb4.16&Prime; _module_preset=\u00a0\u00bbdefault\u00a0\u00bb global_colors_info=\u00a0\u00bb{}\u00a0\u00bb][et_pb_slide _builder_version=\u00a0\u00bb4.16&Prime; _module_preset=\u00a0\u00bbdefault\u00a0\u00bb background_enable_color=\u00a0\u00bboff\u00a0\u00bb background_image=\u00a0\u00bbhttps:\/\/www.atipikhotel.fr\/wp-content\/uploads\/2021\/04\/services-hotel-atipik.jpeg\u00a0\u00bb background_enable_image=\u00a0\u00bbon\u00a0\u00bb global_colors_info=\u00a0\u00bb{}\u00a0\u00bb sticky_transition=\u00a0\u00bbon\u00a0\u00bb][\/et_pb_slide][\/et_pb_fullwidth_slider][et_pb_fullwidth_code admin_label=\u00a0\u00bbWidget Booking Engine Misterbooking ES\u00a0\u00bb module_class=\u00a0\u00bbath-be-mb\u00a0\u00bb _builder_version=\u00a0\u00bb4.9.3&Prime; _module_preset=\u00a0\u00bbdefault\u00a0\u00bb global_module=\u00a0\u00bb784&Prime; global_colors_info=\u00a0\u00bb{}\u00a0\u00bb]<\/p>\n<div id=\"widgetMB2\"><\/div>\n<p><!-- [et_pb_line_break_holder] --><script><!-- [et_pb_line_break_holder] -->var langue = 'en';<!-- [et_pb_line_break_holder] -->var id_etab = '3c64c649f31b4178f8a8b65035f11adc';<!-- [et_pb_line_break_holder] -->var param = '1201102000020000044598691';<!-- [et_pb_line_break_holder] --><\/script><!-- [et_pb_line_break_holder] --><script src=\"https:\/\/www.secure-direct-hotel-booking.com\/widget\/scriptWidget.js\"><\/script>[\/et_pb_fullwidth_code][\/et_pb_section][et_pb_section fb_built=\u00a0\u00bb1&Prime; module_class=\u00a0\u00bbath-services-intro-section\u00a0\u00bb _builder_version=\u00a0\u00bb4.16&Prime; _module_preset=\u00a0\u00bbdefault\u00a0\u00bb custom_padding=\u00a0\u00bb0px||0px||false|false\u00a0\u00bb global_colors_info=\u00a0\u00bb{}\u00a0\u00bb][et_pb_row _builder_version=\u00a0\u00bb4.16&Prime; _module_preset=\u00a0\u00bbdefault\u00a0\u00bb global_colors_info=\u00a0\u00bb{}\u00a0\u00bb][et_pb_column type=\u00a0\u00bb4_4&Prime; _builder_version=\u00a0\u00bb4.16&Prime; _module_preset=\u00a0\u00bbdefault\u00a0\u00bb global_colors_info=\u00a0\u00bb{}\u00a0\u00bb][et_pb_text admin_label=\u00a0\u00bbC\u00c1LIDA BIENVENIDA LAS 24 HORAS DEL D\u00cdA\u00a0\u00bb _builder_version=\u00a0\u00bb4.16&Prime; _module_preset=\u00a0\u00bbdefault\u00a0\u00bb global_colors_info=\u00a0\u00bb{}\u00a0\u00bb]<\/p>\n<h1 style=\"text-align: center;\">C\u00c1LIDA BIENVENIDA LAS 24 HORAS DEL D\u00cdA<\/h1>\n<p style=\"text-align: center;\">Siempre estamos ah\u00ed para ti.<\/p>\n<p>&nbsp;<\/p>\n<p>[\/et_pb_text][\/et_pb_column][\/et_pb_row][et_pb_row column_structure=\u00a0\u00bb1_2,1_2&Prime; make_equal=\u00a0\u00bbon\u00a0\u00bb module_class=\u00a0\u00bbath-line-full-width\u00a0\u00bb _builder_version=\u00a0\u00bb4.16&Prime; _module_preset=\u00a0\u00bbdefault\u00a0\u00bb width=\u00a0\u00bb100%\u00a0\u00bb max_width=\u00a0\u00bb100%\u00a0\u00bb custom_padding=\u00a0\u00bb0px|0px|0px|0px|false|false\u00a0\u00bb global_colors_info=\u00a0\u00bb{}\u00a0\u00bb][et_pb_column type=\u00a0\u00bb1_2&Prime; _builder_version=\u00a0\u00bb4.16&Prime; _module_preset=\u00a0\u00bbdefault\u00a0\u00bb background_image=\u00a0\u00bbhttps:\/\/www.atipikhotel.fr\/wp-content\/uploads\/2021\/04\/petit-dejeuner.png\u00a0\u00bb global_colors_info=\u00a0\u00bb{}\u00a0\u00bb][et_pb_text admin_label=\u00a0\u00bbTexte vide\u00a0\u00bb _builder_version=\u00a0\u00bb4.16&Prime; _module_preset=\u00a0\u00bbdefault\u00a0\u00bb global_colors_info=\u00a0\u00bb{}\u00a0\u00bb][\/et_pb_text][\/et_pb_column][et_pb_column type=\u00a0\u00bb1_2&Prime; module_class=\u00a0\u00bbath-grey-col\u00a0\u00bb _builder_version=\u00a0\u00bb4.16&Prime; _module_preset=\u00a0\u00bbdefault\u00a0\u00bb global_colors_info=\u00a0\u00bb{}\u00a0\u00bb][et_pb_text admin_label=\u00a0\u00bbDesayuno buffet\u00a0\u00bb _builder_version=\u00a0\u00bb4.24.3&Prime; _module_preset=\u00a0\u00bbdefault\u00a0\u00bb hover_enabled=\u00a0\u00bb0&Prime; global_colors_info=\u00a0\u00bb{}\u00a0\u00bb sticky_enabled=\u00a0\u00bb0&Prime;]<\/p>\n<h2 style=\"text-align: center;\">Desayuno buffet<\/h2>\n<p style=\"text-align: center;\">Nada mejor que un buen desayuno para empezar bien la jornada. Cada ma\u00f1ana, te ofrecemos un buffet dulce o salado a elegir, con una amplia selecci\u00f3n de bebidas calientes, zumos, frutas frescas, yogur, compotas y mantequillas, as\u00ed como baguettes, panes especiales y boller\u00eda de nuestro panadero. Adem\u00e1s, mermeladas y quesos de la regi\u00f3n y surtido de embutido.<\/p>\n<p style=\"text-align: center;\">Se sirve cada ma\u00f1ana de 6.30 a 10.00 horas de lunes a viernes y de 7.00 a 10.00 horas los fines en nuestra sala \u201cnaturaleza\u201d, bajo un \u00e1rbol, con la amable atenci\u00f3n de Pedro.<\/p>\n<p>[\/et_pb_text][\/et_pb_column][\/et_pb_row][et_pb_row column_structure=\u00a0\u00bb1_3,1_3,1_3&Prime; make_equal=\u00a0\u00bbon\u00a0\u00bb module_class=\u00a0\u00bbath-line-full-width ath-full-three\u00a0\u00bb _builder_version=\u00a0\u00bb4.16&Prime; _module_preset=\u00a0\u00bbdefault\u00a0\u00bb width=\u00a0\u00bb100%\u00a0\u00bb max_width=\u00a0\u00bb100%\u00a0\u00bb custom_padding=\u00a0\u00bb0px|0px|0px|0px|false|false\u00a0\u00bb global_colors_info=\u00a0\u00bb{}\u00a0\u00bb][et_pb_column type=\u00a0\u00bb1_3&Prime; _builder_version=\u00a0\u00bb4.16&Prime; _module_preset=\u00a0\u00bbdefault\u00a0\u00bb global_colors_info=\u00a0\u00bb{}\u00a0\u00bb][et_pb_text admin_label=\u00a0\u00bbRecepci\u00f3n 24h y bar\u00a0\u00bb _builder_version=\u00a0\u00bb4.16&Prime; _module_preset=\u00a0\u00bbdefault\u00a0\u00bb global_colors_info=\u00a0\u00bb{}\u00a0\u00bb]<\/p>\n<h2 style=\"text-align: center;\">Recepci\u00f3n 24h y bar<\/h2>\n<p style=\"text-align: center;\">\u00bfTe apetece un snack o una bebida? En la recepci\u00f3n, abierta las 24 horas, podr\u00e1s picar algo o disfrutar de una planche savoyarde acompa\u00f1ado de la bebida que prefieras.<\/p>\n<p style=\"text-align: center;\">Atipik Hotel te propone: selecci\u00f3n de cervezas, vino, bebidas fr\u00edas y calientes, champ\u00e1n (copa o 1\/2 botella), aperitivos, una selecci\u00f3n de platos cocinados y gourmet\u2026 \u00a1a tu disposici\u00f3n cuando quieras!<\/p>\n<p>[\/et_pb_text][\/et_pb_column][et_pb_column type=\u00a0\u00bb1_3&Prime; _builder_version=\u00a0\u00bb4.16&Prime; _module_preset=\u00a0\u00bbdefault\u00a0\u00bb background_image=\u00a0\u00bbhttps:\/\/www.atipikhotel.fr\/wp-content\/uploads\/2021\/04\/reception-bar-infos-touristiques.jpeg\u00a0\u00bb global_colors_info=\u00a0\u00bb{}\u00a0\u00bb][\/et_pb_column][et_pb_column type=\u00a0\u00bb1_3&Prime; _builder_version=\u00a0\u00bb4.16&Prime; _module_preset=\u00a0\u00bbdefault\u00a0\u00bb global_colors_info=\u00a0\u00bb{}\u00a0\u00bb][et_pb_text admin_label=\u00a0\u00bbInformaci\u00f3n tur\u00edstica\u00a0\u00bb _builder_version=\u00a0\u00bb4.16&Prime; _module_preset=\u00a0\u00bbdefault\u00a0\u00bb global_colors_info=\u00a0\u00bb{}\u00a0\u00bb]<\/p>\n<h2 style=\"text-align: center;\">Informaci\u00f3n tur\u00edstica<\/h2>\n<p style=\"text-align: center;\">Si necesitas recomendaciones de restaurantes, reservar un taxi o cualquier otro tipo de informaci\u00f3n, el equipo compartir\u00e1 contigo todo lo que saben para que disfrutes de la mejor estancia.<\/p>\n<p>[\/et_pb_text][\/et_pb_column][\/et_pb_row][et_pb_row column_structure=\u00a0\u00bb1_2,1_2&Prime; make_equal=\u00a0\u00bbon\u00a0\u00bb module_class=\u00a0\u00bbath-line-full-width\u00a0\u00bb _builder_version=\u00a0\u00bb4.16&Prime; _module_preset=\u00a0\u00bbdefault\u00a0\u00bb width=\u00a0\u00bb100%\u00a0\u00bb max_width=\u00a0\u00bb100%\u00a0\u00bb custom_padding=\u00a0\u00bb0px|0px|0px|0px|false|false\u00a0\u00bb global_colors_info=\u00a0\u00bb{}\u00a0\u00bb][et_pb_column type=\u00a0\u00bb1_2&Prime; module_class=\u00a0\u00bbath-grey-col\u00a0\u00bb _builder_version=\u00a0\u00bb4.16&Prime; _module_preset=\u00a0\u00bbdefault\u00a0\u00bb global_colors_info=\u00a0\u00bb{}\u00a0\u00bb][et_pb_text admin_label=\u00a0\u00bbParking\u00a0\u00bb _builder_version=\u00a0\u00bb4.16&Prime; _module_preset=\u00a0\u00bbdefault\u00a0\u00bb global_colors_info=\u00a0\u00bb{}\u00a0\u00bb]<\/p>\n<h2 style=\"text-align: center;\">Parking<\/h2>\n<p style=\"text-align: center;\">Estancia nocturna (de 19:00 a 8:00 h) disponible en varios parkings subterr\u00e1neos cercanos al hotel, \u00a1a solo 250 metros ! Puedes ir directamente al parking POSTE o BONLIEU-PREFECTURE (150 m) y coger un ticket, salida peatonal \u201cVAUGELAS\u201d. Pide tu ticket de descuento al d\u00eda siguiente por la ma\u00f1ana antes de recoger el coche.<\/p>\n<p>[\/et_pb_text][\/et_pb_column][et_pb_column type=\u00a0\u00bb1_2&Prime; _builder_version=\u00a0\u00bb4.16&Prime; _module_preset=\u00a0\u00bbdefault\u00a0\u00bb background_image=\u00a0\u00bbhttps:\/\/www.atipikhotel.fr\/wp-content\/uploads\/2021\/04\/parking.png\u00a0\u00bb global_colors_info=\u00a0\u00bb{}\u00a0\u00bb][\/et_pb_column][\/et_pb_row][et_pb_row module_class=\u00a0\u00bbath-services-list-title\u00a0\u00bb _builder_version=\u00a0\u00bb4.16&Prime; _module_preset=\u00a0\u00bbdefault\u00a0\u00bb global_colors_info=\u00a0\u00bb{}\u00a0\u00bb][et_pb_column type=\u00a0\u00bb4_4&Prime; _builder_version=\u00a0\u00bb4.16&Prime; _module_preset=\u00a0\u00bbdefault\u00a0\u00bb global_colors_info=\u00a0\u00bb{}\u00a0\u00bb][et_pb_text admin_label=\u00a0\u00bbY tambi\u00e9n&#8230;\u00a0\u00bb _builder_version=\u00a0\u00bb4.16&Prime; _module_preset=\u00a0\u00bbdefault\u00a0\u00bb global_colors_info=\u00a0\u00bb{}\u00a0\u00bb]<\/p>\n<h2 style=\"text-align: center;\">Y tambi\u00e9n&#8230;<\/h2>\n<p>[\/et_pb_text][\/et_pb_column][\/et_pb_row][et_pb_row column_structure=\u00a0\u00bb1_3,1_3,1_3&Prime; make_equal=\u00a0\u00bbon\u00a0\u00bb module_class=\u00a0\u00bbath-services-list\u00a0\u00bb _builder_version=\u00a0\u00bb4.16&Prime; _module_preset=\u00a0\u00bbdefault\u00a0\u00bb global_colors_info=\u00a0\u00bb{}\u00a0\u00bb][et_pb_column type=\u00a0\u00bb1_3&Prime; _builder_version=\u00a0\u00bb4.16&Prime; _module_preset=\u00a0\u00bbdefault\u00a0\u00bb global_colors_info=\u00a0\u00bb{}\u00a0\u00bb][et_pb_text admin_label=\u00a0\u00bbWifi\u00a0\u00bb _builder_version=\u00a0\u00bb4.16&Prime; _module_preset=\u00a0\u00bbdefault\u00a0\u00bb global_colors_info=\u00a0\u00bb{}\u00a0\u00bb]<\/p>\n<p style=\"text-align: center;\"><img decoding=\"async\" class=\"wp-image-401 alignnone size-full\" src=\"https:\/\/www.atipikhotel.fr\/wp-content\/uploads\/2021\/04\/wifi.png\" alt=\"Wifi\" width=\"58\" height=\"65\" \/><\/p>\n<p style=\"text-align: center;\">Wi-Fi gratuito : como un aut\u00e9ntico geek, est\u00e1s siempre conectado a las redes sociales\u2026 \u00a1\u00danete a nuestro WI-FI GRATUITO para \u201clikear\u201d, \u201ctwittear\u201d o \u201cgooglear\u201d!<\/p>\n<p>[\/et_pb_text][\/et_pb_column][et_pb_column type=\u00a0\u00bb1_3&Prime; _builder_version=\u00a0\u00bb4.16&Prime; _module_preset=\u00a0\u00bbdefault\u00a0\u00bb global_colors_info=\u00a0\u00bb{}\u00a0\u00bb][et_pb_text admin_label=\u00a0\u00bbBagagerie\u00a0\u00bb _builder_version=\u00a0\u00bb4.16&Prime; _module_preset=\u00a0\u00bbdefault\u00a0\u00bb global_colors_info=\u00a0\u00bb{}\u00a0\u00bb]<\/p>\n<p style=\"text-align: center;\"><img decoding=\"async\" class=\"wp-image-404 alignnone size-full\" src=\"https:\/\/www.atipikhotel.fr\/wp-content\/uploads\/2021\/04\/bagagerie.png\" alt=\"Bagagerie\" width=\"71\" height=\"71\" \/><\/p>\n<p style=\"text-align: center;\">Consigna: si quieres disfrutar de una jornada por Annecy sin molestias, nos encargaremos de cuidar tus efectos personales en la consigna o en la caja fuerte para los bienes m\u00e1s preciados.<\/p>\n<p>[\/et_pb_text][\/et_pb_column][et_pb_column type=\u00a0\u00bb1_3&Prime; _builder_version=\u00a0\u00bb4.16&Prime; _module_preset=\u00a0\u00bbdefault\u00a0\u00bb global_colors_info=\u00a0\u00bb{}\u00a0\u00bb][et_pb_text admin_label=\u00a0\u00bbClimatisation\u00a0\u00bb _builder_version=\u00a0\u00bb4.16&Prime; _module_preset=\u00a0\u00bbdefault\u00a0\u00bb global_colors_info=\u00a0\u00bb{}\u00a0\u00bb]<\/p>\n<p style=\"text-align: center;\"><img decoding=\"async\" class=\"wp-image-408 alignnone size-full\" src=\"https:\/\/www.atipikhotel.fr\/wp-content\/uploads\/2021\/04\/climatisation.png\" alt=\"climatisation\" width=\"71\" height=\"71\" \/><\/p>\n<p style=\"text-align: center;\">El hotel dispone de climatizaci\u00f3n<\/p>\n<p>[\/et_pb_text][\/et_pb_column][\/et_pb_row][et_pb_row column_structure=\u00a0\u00bb1_3,1_3,1_3&Prime; make_equal=\u00a0\u00bbon\u00a0\u00bb module_class=\u00a0\u00bbath-services-list\u00a0\u00bb _builder_version=\u00a0\u00bb4.16&Prime; _module_preset=\u00a0\u00bbdefault\u00a0\u00bb global_colors_info=\u00a0\u00bb{}\u00a0\u00bb][et_pb_column type=\u00a0\u00bb1_3&Prime; _builder_version=\u00a0\u00bb4.16&Prime; _module_preset=\u00a0\u00bbdefault\u00a0\u00bb global_colors_info=\u00a0\u00bb{}\u00a0\u00bb][et_pb_text admin_label=\u00a0\u00bbNews\u00a0\u00bb _builder_version=\u00a0\u00bb4.16&Prime; _module_preset=\u00a0\u00bbdefault\u00a0\u00bb global_colors_info=\u00a0\u00bb{}\u00a0\u00bb]<\/p>\n<p style=\"text-align: center;\"><img decoding=\"async\" class=\"wp-image-413 alignnone size-full\" src=\"https:\/\/www.atipikhotel.fr\/wp-content\/uploads\/2021\/04\/journal-tv-magazines.png\" alt=\"journal, tv, magazines\" width=\"71\" height=\"71\" \/><\/p>\n<p style=\"text-align: center;\">Peri\u00f3dico regional, programaci\u00f3n TV, revistas\u2026 \u00a1as\u00ed da gusto despertarse!<\/p>\n<p>[\/et_pb_text][\/et_pb_column][et_pb_column type=\u00a0\u00bb1_3&Prime; _builder_version=\u00a0\u00bb4.16&Prime; _module_preset=\u00a0\u00bbdefault\u00a0\u00bb global_colors_info=\u00a0\u00bb{}\u00a0\u00bb][et_pb_text admin_label=\u00a0\u00bbBibliothe\u0300que\u00a0\u00bb _builder_version=\u00a0\u00bb4.16&Prime; _module_preset=\u00a0\u00bbdefault\u00a0\u00bb global_colors_info=\u00a0\u00bb{}\u00a0\u00bb]<\/p>\n<p style=\"text-align: center;\"><img decoding=\"async\" class=\"wp-image-417 alignnone size-full\" src=\"https:\/\/www.atipikhotel.fr\/wp-content\/uploads\/2021\/04\/bibliothe\u0300que.png\" alt=\"bibliothe\u0300que\" width=\"71\" height=\"71\" \/><\/p>\n<p style=\"text-align: center;\">Biblioteca: un entorno tranquilo para viajar a trav\u00e9s de la literatura<\/p>\n<p>[\/et_pb_text][\/et_pb_column][et_pb_column type=\u00a0\u00bb1_3&Prime; _builder_version=\u00a0\u00bb4.16&Prime; _module_preset=\u00a0\u00bbdefault\u00a0\u00bb global_colors_info=\u00a0\u00bb{}\u00a0\u00bb][et_pb_text admin_label=\u00a0\u00bbJeux \u00e0 disposition\u00a0\u00bb _builder_version=\u00a0\u00bb4.16&Prime; _module_preset=\u00a0\u00bbdefault\u00a0\u00bb global_colors_info=\u00a0\u00bb{}\u00a0\u00bb]<\/p>\n<p style=\"text-align: center;\"><img decoding=\"async\" class=\"wp-image-422 alignnone size-full\" src=\"https:\/\/www.atipikhotel.fr\/wp-content\/uploads\/2021\/04\/jeux.png\" alt=\"Jeux \u00e0 disposition\" width=\"71\" height=\"71\" \/><\/p>\n<p style=\"text-align: center;\">Juegos: para compartir buenos momentos<\/p>\n<p>[\/et_pb_text][\/et_pb_column][\/et_pb_row][\/et_pb_section][et_pb_section fb_built=\u00a0\u00bb1&Prime; module_class=\u00a0\u00bbath-grey-section\u00a0\u00bb _builder_version=\u00a0\u00bb4.16&Prime; _module_preset=\u00a0\u00bbdefault\u00a0\u00bb global_colors_info=\u00a0\u00bb{}\u00a0\u00bb][et_pb_row admin_label=\u00a0\u00bbLigne\u00a0\u00bb module_class=\u00a0\u00bbath-infos-line\u00a0\u00bb _builder_version=\u00a0\u00bb4.16&Prime; _module_preset=\u00a0\u00bbdefault\u00a0\u00bb global_colors_info=\u00a0\u00bb{}\u00a0\u00bb][et_pb_column type=\u00a0\u00bb4_4&Prime; _builder_version=\u00a0\u00bb4.16&Prime; _module_preset=\u00a0\u00bbdefault\u00a0\u00bb global_colors_info=\u00a0\u00bb{}\u00a0\u00bb][et_pb_text admin_label=\u00a0\u00bbINFOS IMPORTANTES \u00c0 PRENDRE EN COMPTE POUR VOTRE R\u00c9SERVATION\u00a0\u00bb _builder_version=\u00a0\u00bb4.16&Prime; _module_preset=\u00a0\u00bbdefault\u00a0\u00bb global_colors_info=\u00a0\u00bb{}\u00a0\u00bb]<\/p>\n<h2 style=\"text-align: center;\">INFORMACI\u00d3N IMPORTANTE PARA REALIZAR LA RESERVA:<\/h2>\n<ul>\n<li style=\"text-align: left;\">Nuestro hotel no dispone de ascensor.<\/li>\n<li>No disponemos de una habitacion en la planta baja, para todas las solicitudes de una persona con movilidad reducida, pongase en contacto directamente con la recepcion por tel\u00e9fono or correo electronico.<\/li>\n<li>No disponemos de camas supletorias. Se puede incluir una cuna SOLO en CIERTAS habitaciones. Es necesario solicitarla antes de hacer la reserva (coste extra).<\/li>\n<li style=\"text-align: left;\">No se admiten mascotas en el hotel.<\/li>\n<li style=\"text-align: left;\">Check-in : a partir de las 14.30<\/li>\n<li style=\"text-align: left;\">Check-out : hasta las 11.00<\/li>\n<li>Medios de pago aceptados: efectivo (billetes de 500\u20ac rechazados), tarjeta de cr\u00e9dito, cheques de vacaciones ANCV<\/li>\n<\/ul>\n<p>[\/et_pb_text][\/et_pb_column][\/et_pb_row][\/et_pb_section][et_pb_section fb_built=\u00a0\u00bb1&Prime; _builder_version=\u00a0\u00bb4.16&Prime; _module_preset=\u00a0\u00bbdefault\u00a0\u00bb background_image=\u00a0\u00bbhttps:\/\/www.atipikhotel.fr\/wp-content\/uploads\/2021\/04\/escaliers.jpeg\u00a0\u00bb parallax=\u00a0\u00bbon\u00a0\u00bb parallax_method=\u00a0\u00bboff\u00a0\u00bb global_colors_info=\u00a0\u00bb{}\u00a0\u00bb][et_pb_row module_class=\u00a0\u00bbath-question-line\u00a0\u00bb _builder_version=\u00a0\u00bb4.16&Prime; _module_preset=\u00a0\u00bbdefault\u00a0\u00bb global_colors_info=\u00a0\u00bb{}\u00a0\u00bb][et_pb_column type=\u00a0\u00bb4_4&Prime; _builder_version=\u00a0\u00bb4.16&Prime; _module_preset=\u00a0\u00bbdefault\u00a0\u00bb global_colors_info=\u00a0\u00bb{}\u00a0\u00bb][et_pb_text admin_label=\u00a0\u00bb\u00bfUNA PREGUNTA ?\u00a0\u00bb _builder_version=\u00a0\u00bb4.16&Prime; _module_preset=\u00a0\u00bbdefault\u00a0\u00bb global_colors_info=\u00a0\u00bb{}\u00a0\u00bb]<\/p>\n<h2 style=\"text-align: center;\">\u00bfUNA PREGUNTA ?<\/h2>\n<p>[\/et_pb_text][et_pb_button button_url=\u00a0\u00bb@ET-DC@eyJkeW5hbWljIjp0cnVlLCJjb250ZW50IjoicG9zdF9saW5rX3VybF9wYWdlIiwic2V0dGluZ3MiOnsicG9zdF9pZCI6Ijc0NiJ9fQ==@\u00a0\u00bb button_text=\u00a0\u00bbCont\u00e1ctanos\u00a0\u00bb button_alignment=\u00a0\u00bbcenter\u00a0\u00bb _builder_version=\u00a0\u00bb4.16&Prime; _dynamic_attributes=\u00a0\u00bbbutton_url\u00a0\u00bb _module_preset=\u00a0\u00bbdefault\u00a0\u00bb global_colors_info=\u00a0\u00bb{}\u00a0\u00bb][\/et_pb_button][\/et_pb_column][\/et_pb_row][\/et_pb_section]<\/p>\n","protected":false},"excerpt":{"rendered":"<p>C\u00c1LIDA BIENVENIDA LAS 24 HORAS DEL D\u00cdA Siempre estamos ah\u00ed para ti. &nbsp;Desayuno buffet Nada mejor que un buen desayuno para empezar bien la jornada. Cada ma\u00f1ana, te ofrecemos un buffet dulce o salado a elegir, con una amplia selecci\u00f3n de bebidas calientes, zumos, frutas frescas, yogur, compotas y mantequillas, as\u00ed como baguettes, panes especiales [&hellip;]<\/p>\n","protected":false},"author":1,"featured_media":0,"parent":0,"menu_order":0,"comment_status":"closed","ping_status":"closed","template":"","meta":{"_et_pb_use_builder":"on","_et_pb_old_content":"","_et_gb_content_width":"","footnotes":""},"class_list":["post-444","page","type-page","status-publish","hentry"],"yoast_head":"<!-- This site is optimized with the Yoast SEO plugin v27.4 - https:\/\/yoast.com\/product\/yoast-seo-wordpress\/ -->\n<title>Servicios - Atipik H\u00f4tel<\/title>\n<meta name=\"robots\" content=\"index, follow, max-snippet:-1, max-image-preview:large, max-video-preview:-1\" \/>\n<link rel=\"canonical\" href=\"https:\/\/www.atipikhotel.fr\/index.php\/es\/servicios\/\" \/>\n<meta property=\"og:locale\" content=\"fr_FR\" \/>\n<meta property=\"og:type\" content=\"article\" \/>\n<meta property=\"og:title\" content=\"Servicios - Atipik H\u00f4tel\" \/>\n<meta property=\"og:description\" content=\"C\u00c1LIDA BIENVENIDA LAS 24 HORAS DEL D\u00cdA Siempre estamos ah\u00ed para ti. &nbsp;Desayuno buffet Nada mejor que un buen desayuno para empezar bien la jornada. Cada ma\u00f1ana, te ofrecemos un buffet dulce o salado a elegir, con una amplia selecci\u00f3n de bebidas calientes, zumos, frutas frescas, yogur, compotas y mantequillas, as\u00ed como baguettes, panes especiales [&hellip;]\" \/>\n<meta property=\"og:url\" content=\"https:\/\/www.atipikhotel.fr\/index.php\/es\/servicios\/\" \/>\n<meta property=\"og:site_name\" content=\"Atipik H\u00f4tel\" \/>\n<meta property=\"article:modified_time\" content=\"2024-04-22T07:30:53+00:00\" \/>\n<meta property=\"og:image\" content=\"https:\/\/www.atipikhotel.fr\/wp-content\/uploads\/2021\/04\/wifi.png\" \/>\n<meta name=\"twitter:card\" content=\"summary_large_image\" \/>\n<meta name=\"twitter:label1\" content=\"Dur\u00e9e de lecture estim\u00e9e\" \/>\n\t<meta name=\"twitter:data1\" content=\"4 minutes\" \/>\n<script type=\"application\/ld+json\" class=\"yoast-schema-graph\">{\"@context\":\"https:\\\/\\\/schema.org\",\"@graph\":[{\"@type\":\"WebPage\",\"@id\":\"https:\\\/\\\/www.atipikhotel.fr\\\/index.php\\\/es\\\/servicios\\\/\",\"url\":\"https:\\\/\\\/www.atipikhotel.fr\\\/index.php\\\/es\\\/servicios\\\/\",\"name\":\"Servicios - Atipik H\u00f4tel\",\"isPartOf\":{\"@id\":\"https:\\\/\\\/www.atipikhotel.fr\\\/#website\"},\"primaryImageOfPage\":{\"@id\":\"https:\\\/\\\/www.atipikhotel.fr\\\/index.php\\\/es\\\/servicios\\\/#primaryimage\"},\"image\":{\"@id\":\"https:\\\/\\\/www.atipikhotel.fr\\\/index.php\\\/es\\\/servicios\\\/#primaryimage\"},\"thumbnailUrl\":\"https:\\\/\\\/www.atipikhotel.fr\\\/wp-content\\\/uploads\\\/2021\\\/04\\\/wifi.png\",\"datePublished\":\"2021-04-12T18:43:42+00:00\",\"dateModified\":\"2024-04-22T07:30:53+00:00\",\"breadcrumb\":{\"@id\":\"https:\\\/\\\/www.atipikhotel.fr\\\/index.php\\\/es\\\/servicios\\\/#breadcrumb\"},\"inLanguage\":\"fr-FR\",\"potentialAction\":[{\"@type\":\"ReadAction\",\"target\":[\"https:\\\/\\\/www.atipikhotel.fr\\\/index.php\\\/es\\\/servicios\\\/\"]}]},{\"@type\":\"ImageObject\",\"inLanguage\":\"fr-FR\",\"@id\":\"https:\\\/\\\/www.atipikhotel.fr\\\/index.php\\\/es\\\/servicios\\\/#primaryimage\",\"url\":\"https:\\\/\\\/www.atipikhotel.fr\\\/wp-content\\\/uploads\\\/2021\\\/04\\\/wifi.png\",\"contentUrl\":\"https:\\\/\\\/www.atipikhotel.fr\\\/wp-content\\\/uploads\\\/2021\\\/04\\\/wifi.png\",\"width\":58,\"height\":65,\"caption\":\"Wifi\"},{\"@type\":\"BreadcrumbList\",\"@id\":\"https:\\\/\\\/www.atipikhotel.fr\\\/index.php\\\/es\\\/servicios\\\/#breadcrumb\",\"itemListElement\":[{\"@type\":\"ListItem\",\"position\":1,\"name\":\"Accueil\",\"item\":\"https:\\\/\\\/www.atipikhotel.fr\\\/\"},{\"@type\":\"ListItem\",\"position\":2,\"name\":\"Servicios\"}]},{\"@type\":\"WebSite\",\"@id\":\"https:\\\/\\\/www.atipikhotel.fr\\\/#website\",\"url\":\"https:\\\/\\\/www.atipikhotel.fr\\\/\",\"name\":\"Atipik H\u00f4tel\",\"description\":\"Enfin, un h\u00f4tel diff\u00e9rent !\",\"potentialAction\":[{\"@type\":\"SearchAction\",\"target\":{\"@type\":\"EntryPoint\",\"urlTemplate\":\"https:\\\/\\\/www.atipikhotel.fr\\\/?s={search_term_string}\"},\"query-input\":{\"@type\":\"PropertyValueSpecification\",\"valueRequired\":true,\"valueName\":\"search_term_string\"}}],\"inLanguage\":\"fr-FR\"}]}<\/script>\n<!-- \/ Yoast SEO plugin. -->","yoast_head_json":{"title":"Servicios - Atipik H\u00f4tel","robots":{"index":"index","follow":"follow","max-snippet":"max-snippet:-1","max-image-preview":"max-image-preview:large","max-video-preview":"max-video-preview:-1"},"canonical":"https:\/\/www.atipikhotel.fr\/index.php\/es\/servicios\/","og_locale":"fr_FR","og_type":"article","og_title":"Servicios - Atipik H\u00f4tel","og_description":"C\u00c1LIDA BIENVENIDA LAS 24 HORAS DEL D\u00cdA Siempre estamos ah\u00ed para ti. &nbsp;Desayuno buffet Nada mejor que un buen desayuno para empezar bien la jornada. Cada ma\u00f1ana, te ofrecemos un buffet dulce o salado a elegir, con una amplia selecci\u00f3n de bebidas calientes, zumos, frutas frescas, yogur, compotas y mantequillas, as\u00ed como baguettes, panes especiales [&hellip;]","og_url":"https:\/\/www.atipikhotel.fr\/index.php\/es\/servicios\/","og_site_name":"Atipik H\u00f4tel","article_modified_time":"2024-04-22T07:30:53+00:00","og_image":[{"url":"https:\/\/www.atipikhotel.fr\/wp-content\/uploads\/2021\/04\/wifi.png","type":"","width":"","height":""}],"twitter_card":"summary_large_image","twitter_misc":{"Dur\u00e9e de lecture estim\u00e9e":"4 minutes"},"schema":{"@context":"https:\/\/schema.org","@graph":[{"@type":"WebPage","@id":"https:\/\/www.atipikhotel.fr\/index.php\/es\/servicios\/","url":"https:\/\/www.atipikhotel.fr\/index.php\/es\/servicios\/","name":"Servicios - Atipik H\u00f4tel","isPartOf":{"@id":"https:\/\/www.atipikhotel.fr\/#website"},"primaryImageOfPage":{"@id":"https:\/\/www.atipikhotel.fr\/index.php\/es\/servicios\/#primaryimage"},"image":{"@id":"https:\/\/www.atipikhotel.fr\/index.php\/es\/servicios\/#primaryimage"},"thumbnailUrl":"https:\/\/www.atipikhotel.fr\/wp-content\/uploads\/2021\/04\/wifi.png","datePublished":"2021-04-12T18:43:42+00:00","dateModified":"2024-04-22T07:30:53+00:00","breadcrumb":{"@id":"https:\/\/www.atipikhotel.fr\/index.php\/es\/servicios\/#breadcrumb"},"inLanguage":"fr-FR","potentialAction":[{"@type":"ReadAction","target":["https:\/\/www.atipikhotel.fr\/index.php\/es\/servicios\/"]}]},{"@type":"ImageObject","inLanguage":"fr-FR","@id":"https:\/\/www.atipikhotel.fr\/index.php\/es\/servicios\/#primaryimage","url":"https:\/\/www.atipikhotel.fr\/wp-content\/uploads\/2021\/04\/wifi.png","contentUrl":"https:\/\/www.atipikhotel.fr\/wp-content\/uploads\/2021\/04\/wifi.png","width":58,"height":65,"caption":"Wifi"},{"@type":"BreadcrumbList","@id":"https:\/\/www.atipikhotel.fr\/index.php\/es\/servicios\/#breadcrumb","itemListElement":[{"@type":"ListItem","position":1,"name":"Accueil","item":"https:\/\/www.atipikhotel.fr\/"},{"@type":"ListItem","position":2,"name":"Servicios"}]},{"@type":"WebSite","@id":"https:\/\/www.atipikhotel.fr\/#website","url":"https:\/\/www.atipikhotel.fr\/","name":"Atipik H\u00f4tel","description":"Enfin, un h\u00f4tel diff\u00e9rent !","potentialAction":[{"@type":"SearchAction","target":{"@type":"EntryPoint","urlTemplate":"https:\/\/www.atipikhotel.fr\/?s={search_term_string}"},"query-input":{"@type":"PropertyValueSpecification","valueRequired":true,"valueName":"search_term_string"}}],"inLanguage":"fr-FR"}]}},"_links":{"self":[{"href":"https:\/\/www.atipikhotel.fr\/index.php\/wp-json\/wp\/v2\/pages\/444","targetHints":{"allow":["GET"]}}],"collection":[{"href":"https:\/\/www.atipikhotel.fr\/index.php\/wp-json\/wp\/v2\/pages"}],"about":[{"href":"https:\/\/www.atipikhotel.fr\/index.php\/wp-json\/wp\/v2\/types\/page"}],"author":[{"embeddable":true,"href":"https:\/\/www.atipikhotel.fr\/index.php\/wp-json\/wp\/v2\/users\/1"}],"replies":[{"embeddable":true,"href":"https:\/\/www.atipikhotel.fr\/index.php\/wp-json\/wp\/v2\/comments?post=444"}],"version-history":[{"count":5,"href":"https:\/\/www.atipikhotel.fr\/index.php\/wp-json\/wp\/v2\/pages\/444\/revisions"}],"predecessor-version":[{"id":3644,"href":"https:\/\/www.atipikhotel.fr\/index.php\/wp-json\/wp\/v2\/pages\/444\/revisions\/3644"}],"wp:attachment":[{"href":"https:\/\/www.atipikhotel.fr\/index.php\/wp-json\/wp\/v2\/media?parent=444"}],"curies":[{"name":"wp","href":"https:\/\/api.w.org\/{rel}","templated":true}]}}